{"id":944,"date":"2021-05-06T10:18:37","date_gmt":"2021-05-06T08:18:37","guid":{"rendered":"https:\/\/glamoriya.com\/?post_type=product&#038;p=944"},"modified":"2025-05-20T09:58:04","modified_gmt":"2025-05-20T07:58:04","slug":"yari-100-pure-huile-damande-douce","status":"publish","type":"product","link":"https:\/\/glamoriya.com\/en\/product\/yari-100-pure-huile-damande-douce\/","title":{"rendered":"Yari 100% Pure Sweet Almond Oil"},"content":{"rendered":"<p>Yari 100% Sweet Almond Oil is very rich in fatty acids, it moisturises and protects your skin and hair.<\/p>\n<p>Nourishing, softening and soothing, it improves skin elasticity and calms itching. Ideal for dry,\nirritated or fragile skin. This oil is suitable for all skin types.\nIt is also very effective for your dry, brittle or damaged hair. It gives new life to weakened hair and helps regulate sebum production to better fight against dandruff.<\/p>","protected":false},"excerpt":{"rendered":"<p>Yari 100% Huile d&#8217;Amande Douce tr\u00e8s riche en acides gras, elle hydrate, prot\u00e8ge votre peau et vos cheveux. Nourrissante, adoucissante et apaisante, elle am\u00e9liore l&#8217;\u00e9lasticit\u00e9 de la peau, calme les d\u00e9mangeaisons id\u00e9ale pour les peaux s\u00e8ches, irrit\u00e9es ou fragiles. Cette huile convient \u00e0 tous types de peaux Elle est aussi tr\u00e8s efficace pour vos cheveux [&hellip;]<\/p>","protected":false},"featured_media":938,"comment_status":"open","ping_status":"closed","template":"","meta":[],"_links":{"self":[{"href":"https:\/\/glamoriya.com\/en\/wp-json\/wp\/v2\/product\/944"}],"collection":[{"href":"https:\/\/glamoriya.com\/en\/wp-json\/wp\/v2\/product"}],"about":[{"href":"https:\/\/glamoriya.com\/en\/wp-json\/wp\/v2\/types\/product"}],"replies":[{"embeddable":true,"href":"https:\/\/glamoriya.com\/en\/wp-json\/wp\/v2\/comments?post=944"}],"wp:featuredmedia":[{"embeddable":true,"href":"https:\/\/glamoriya.com\/en\/wp-json\/wp\/v2\/media\/938"}],"wp:attachment":[{"href":"https:\/\/glamoriya.com\/en\/wp-json\/wp\/v2\/media?parent=944"}],"curies":[{"name":"wp","href":"https:\/\/api.w.org\/{rel}","templated":true}]}}