{"id":943,"date":"2021-05-06T10:16:37","date_gmt":"2021-05-06T08:16:37","guid":{"rendered":"https:\/\/glamoriya.com\/?post_type=product&#038;p=943"},"modified":"2021-05-12T17:50:56","modified_gmt":"2021-05-12T15:50:56","slug":"fair-white-whitenizer-savon","status":"publish","type":"product","link":"https:\/\/glamoriya.com\/en\/product\/fair-white-whitenizer-savon\/","title":{"rendered":"Fair & White Whitenizer Soap"},"content":{"rendered":"<p>The EXCLUSIVE Soap rich in plant extracts gently rubs.your skin, polishes complexion and reveals radiance. Thanks to the combined action of Apricot kernels (exfoliating), sweet Almond oil (softening and repairing), and pure Shea butter, it cleanses and buffs away dead skin cells, softens and harmonizes your skin. Form a rich lather between hands and apply to face and body as needed. Gently massage, rinse and let dry.<\/p>","protected":false},"excerpt":{"rendered":"<p>Le Savon EXCLUSIVE, riche en extraits v\u00e9g\u00e9taux, nettoie et gomme en douceur votre \u00e9piderme pour \u00e9liminer les impuret\u00e9s et les cellules mortes qui en ternissent l&#8217;\u00e9clat. L&#8217;action combin\u00e9e des noyaux d&#8217;Abricot, aux propri\u00e9t\u00e9s exfoliantes, de l&#8217;huile d&#8217;Amande douce et du pur beurre de Karit\u00e9 aux vertus nourrissantes et r\u00e9paratrices, laisse votre peau nette, douce et [&hellip;]<\/p>","protected":false},"featured_media":936,"comment_status":"open","ping_status":"closed","template":"","meta":[],"_links":{"self":[{"href":"https:\/\/glamoriya.com\/en\/wp-json\/wp\/v2\/product\/943"}],"collection":[{"href":"https:\/\/glamoriya.com\/en\/wp-json\/wp\/v2\/product"}],"about":[{"href":"https:\/\/glamoriya.com\/en\/wp-json\/wp\/v2\/types\/product"}],"replies":[{"embeddable":true,"href":"https:\/\/glamoriya.com\/en\/wp-json\/wp\/v2\/comments?post=943"}],"wp:featuredmedia":[{"embeddable":true,"href":"https:\/\/glamoriya.com\/en\/wp-json\/wp\/v2\/media\/936"}],"wp:attachment":[{"href":"https:\/\/glamoriya.com\/en\/wp-json\/wp\/v2\/media?parent=943"}],"curies":[{"name":"wp","href":"https:\/\/api.w.org\/{rel}","templated":true}]}}