{"id":942,"date":"2021-05-06T10:14:50","date_gmt":"2021-05-06T08:14:50","guid":{"rendered":"https:\/\/glamoriya.com\/?post_type=product&#038;p=942"},"modified":"2024-07-09T16:17:24","modified_gmt":"2024-07-09T14:17:24","slug":"fair-white-savon-carotte","status":"publish","type":"product","link":"https:\/\/glamoriya.com\/en\/product\/fair-white-savon-carotte\/","title":{"rendered":"Fair & White Carrot Soap"},"content":{"rendered":"<p>With its delicately sugary scent, FAIR&amp;WHITE carrot Soap cleans, exfoliates and tones your skin while\ncaring for your epidermis, thanks to a recipe combining micronized apricot stones and carrot oil.<\/p>\n<p>Carrot oil is naturally rich in Vitamin A and provides many nourishing, toning and antioxidant effects\nfor your skin, helping it recover its softness, beauty and glow.<\/p>\n<p>To be used regularly for the cleansing of the face and the body.<\/p>","protected":false},"excerpt":{"rendered":"<p>Le Savon FAIR&amp;WHITE carotte au doux parfum sucr\u00e9, nettoie, exfolie et tonifie la peau, tout en prenant soin de l&#8217;\u00e9piderme, gr\u00e2ce \u00e0 sa composition associant des noyaux d&#8217;abricots micronis\u00e9s et de l&#8217;huile de carotte. Naturellement riche en Vitamine A, l&#8217;huile de carotte offre \u00e0 votre peau ses nombreux bienfaits nourrissants, tonifiants et antioxydants, pour l&#8217;aider [&hellip;]<\/p>","protected":false},"featured_media":1860,"comment_status":"open","ping_status":"closed","template":"","meta":[],"_links":{"self":[{"href":"https:\/\/glamoriya.com\/en\/wp-json\/wp\/v2\/product\/942"}],"collection":[{"href":"https:\/\/glamoriya.com\/en\/wp-json\/wp\/v2\/product"}],"about":[{"href":"https:\/\/glamoriya.com\/en\/wp-json\/wp\/v2\/types\/product"}],"replies":[{"embeddable":true,"href":"https:\/\/glamoriya.com\/en\/wp-json\/wp\/v2\/comments?post=942"}],"wp:featuredmedia":[{"embeddable":true,"href":"https:\/\/glamoriya.com\/en\/wp-json\/wp\/v2\/media\/1860"}],"wp:attachment":[{"href":"https:\/\/glamoriya.com\/en\/wp-json\/wp\/v2\/media?parent=942"}],"curies":[{"name":"wp","href":"https:\/\/api.w.org\/{rel}","templated":true}]}}