{"id":925,"date":"2021-05-06T10:09:11","date_gmt":"2021-05-06T08:09:11","guid":{"rendered":"https:\/\/glamoriya.com\/?post_type=product&#038;p=925"},"modified":"2025-06-15T20:03:32","modified_gmt":"2025-06-15T18:03:32","slug":"fair-white-savon-aloe-vera","status":"publish","type":"product","link":"https:\/\/glamoriya.com\/en\/product\/fair-white-savon-aloe-vera\/","title":{"rendered":"Fair &#038; White Savon Aloe Vera 200 g"},"content":{"rendered":"<p>The aloe vera Soap affects a twofold efficacy\u00a0: it rubs impurities responsible for dull complexions and\ncare your epidermis while preserving the skin&#39;s natural balance.<\/p>\n<p>This skin care contains aloe vera well\nknown for its soothing, moisturizing and protective properties.<\/p>","protected":false},"excerpt":{"rendered":"<p>Le Savon aloe vera poss\u00e8de une double efficacit\u00e9, il gomme toutes les impuret\u00e9s qui ternissent le teint et prend soin de l\u2019\u00e9piderme en douceur afin de pr\u00e9server son \u00e9quilibre naturel. Ce soin nettoyant contient de l\u2019aloe vera reconnu pour ces vertus protectrice, hydratante et apaisante. Id\u00e9al pour tout type de peau.<\/p>","protected":false},"featured_media":1861,"comment_status":"open","ping_status":"closed","template":"","meta":[],"_links":{"self":[{"href":"https:\/\/glamoriya.com\/en\/wp-json\/wp\/v2\/product\/925"}],"collection":[{"href":"https:\/\/glamoriya.com\/en\/wp-json\/wp\/v2\/product"}],"about":[{"href":"https:\/\/glamoriya.com\/en\/wp-json\/wp\/v2\/types\/product"}],"replies":[{"embeddable":true,"href":"https:\/\/glamoriya.com\/en\/wp-json\/wp\/v2\/comments?post=925"}],"wp:featuredmedia":[{"embeddable":true,"href":"https:\/\/glamoriya.com\/en\/wp-json\/wp\/v2\/media\/1861"}],"wp:attachment":[{"href":"https:\/\/glamoriya.com\/en\/wp-json\/wp\/v2\/media?parent=925"}],"curies":[{"name":"wp","href":"https:\/\/api.w.org\/{rel}","templated":true}]}}