{"id":893,"date":"2021-04-27T18:44:26","date_gmt":"2021-04-27T16:44:26","guid":{"rendered":"https:\/\/glamoriya.com\/?post_type=product&#038;p=893"},"modified":"2024-10-25T10:12:29","modified_gmt":"2024-10-25T08:12:29","slug":"idole-dor-savon-eclaircissant-gommant","status":"publish","type":"product","link":"https:\/\/glamoriya.com\/en\/product\/idole-dor-savon-eclaircissant-gommant\/","title":{"rendered":"Idole D'Or Brightening Exfoliating Soap"},"content":{"rendered":"<p>Le Savon Eclaircissant Gommant IDOLE D&#8217;or contient les noyaux d&#8217;abricot moulu afin d&#8217;acc\u00e9l\u00e9rer l&#8217;\u00e9limination de peaux mortes et d&#8217;huile d&#8217;olive et beurre de karit\u00e9 pour combattre la s\u00e9cheresse de la peau. Nettoie en profondeur l&#8217;\u00e9piderme en m\u00eame temps de laisser la peau douce, unie et lumineuse.<\/p>","protected":false},"excerpt":{"rendered":"<p>Le Savon Eclaircissant Gommant IDOLE D&#8217;or contient les noyaux d&#8217;abricot moulu afin d&#8217;acc\u00e9l\u00e9rer l&#8217;\u00e9limination de peaux mortes et d&#8217;huile d&#8217;olive et beurre de karit\u00e9 pour combattre la s\u00e9cheresse de la peau. Nettoie en profondeur l&#8217;\u00e9piderme en m\u00eame temps de laisser la peau douce, unie et lumineuse.<\/p>","protected":false},"featured_media":1731,"comment_status":"open","ping_status":"closed","template":"","meta":[],"_links":{"self":[{"href":"https:\/\/glamoriya.com\/en\/wp-json\/wp\/v2\/product\/893"}],"collection":[{"href":"https:\/\/glamoriya.com\/en\/wp-json\/wp\/v2\/product"}],"about":[{"href":"https:\/\/glamoriya.com\/en\/wp-json\/wp\/v2\/types\/product"}],"replies":[{"embeddable":true,"href":"https:\/\/glamoriya.com\/en\/wp-json\/wp\/v2\/comments?post=893"}],"wp:featuredmedia":[{"embeddable":true,"href":"https:\/\/glamoriya.com\/en\/wp-json\/wp\/v2\/media\/1731"}],"wp:attachment":[{"href":"https:\/\/glamoriya.com\/en\/wp-json\/wp\/v2\/media?parent=893"}],"curies":[{"name":"wp","href":"https:\/\/api.w.org\/{rel}","templated":true}]}}