{"id":888,"date":"2021-04-27T18:41:12","date_gmt":"2021-04-27T16:41:12","guid":{"rendered":"https:\/\/glamoriya.com\/?post_type=product&#038;p=888"},"modified":"2022-01-26T18:07:52","modified_gmt":"2022-01-26T17:07:52","slug":"idole-savon-eclaircissant-gommant","status":"publish","type":"product","link":"https:\/\/glamoriya.com\/en\/product\/idole-savon-eclaircissant-gommant\/","title":{"rendered":"Idole Lightening Exfoliating Soap"},"content":{"rendered":"<p>Le Savon Eclaircissant Gommant IDOLE contient des noyaux d&#8217;avocat moulus pour acc\u00e9l\u00e9rer l&#8217;\u00e9limination des cellules mortes et pour lutter contre les t\u00e2ches pigmentaires. Tout en nettoyant en profondeur l&#8217;\u00e9piderme, ce savon \u00e9claircit votre teint et laisse la peau lisse, unie et lumineuse.<\/p>","protected":false},"excerpt":{"rendered":"<p>Le Savon Eclaircissant Gommant IDOLE contient des noyaux d&#8217;avocat moulus pour acc\u00e9l\u00e9rer l&#8217;\u00e9limination des cellules mortes et pour lutter contre les t\u00e2ches pigmentaires. Tout en nettoyant en profondeur l&#8217;\u00e9piderme, ce savon \u00e9claircit votre teint et laisse la peau lisse, unie et lumineuse.<\/p>","protected":false},"featured_media":1734,"comment_status":"open","ping_status":"closed","template":"","meta":[],"_links":{"self":[{"href":"https:\/\/glamoriya.com\/en\/wp-json\/wp\/v2\/product\/888"}],"collection":[{"href":"https:\/\/glamoriya.com\/en\/wp-json\/wp\/v2\/product"}],"about":[{"href":"https:\/\/glamoriya.com\/en\/wp-json\/wp\/v2\/types\/product"}],"replies":[{"embeddable":true,"href":"https:\/\/glamoriya.com\/en\/wp-json\/wp\/v2\/comments?post=888"}],"wp:featuredmedia":[{"embeddable":true,"href":"https:\/\/glamoriya.com\/en\/wp-json\/wp\/v2\/media\/1734"}],"wp:attachment":[{"href":"https:\/\/glamoriya.com\/en\/wp-json\/wp\/v2\/media?parent=888"}],"curies":[{"name":"wp","href":"https:\/\/api.w.org\/{rel}","templated":true}]}}