{"id":884,"date":"2021-04-27T18:34:06","date_gmt":"2021-04-27T16:34:06","guid":{"rendered":"https:\/\/glamoriya.com\/?post_type=product&#038;p=884"},"modified":"2024-11-04T22:42:46","modified_gmt":"2024-11-04T21:42:46","slug":"fair-white-miss-white-gel-douche-gommage-de-reve","status":"publish","type":"product","link":"https:\/\/glamoriya.com\/en\/product\/fair-white-miss-white-gel-douche-gommage-de-reve\/","title":{"rendered":"Fair & White Miss White Dream Scrub Shower Gel"},"content":{"rendered":"<p>Exfoliating Shower Gel - DREAM SCRUB With Miss White Enchanteur scent<\/p>\n<p>Become a beauty queen with the Miss White exfoliating shower, designed to give you a radiant complexion as soon as you wake up:<\/p>\n<p>-Its fine and deliciously scented foam cleanses and exfoliates the skin.<\/p>\n<p>- Eliminates dead cells and refines the skin texture, for smooth skin.<\/p>\n<p>- Treat yourself to the success of a real miss with supple skin and incomparable softness.<\/p>\n<p>With apricot kernel powder, natural exfoliating microbeads and Glycerin.<\/p>","protected":false},"excerpt":{"rendered":"<p>Gel Douche Exfoliant &#8211; GOMMAGE DE R\u00caVE Au parfum Miss White Enchanteur Devenez une reine de beaut\u00e9 avec la douche gommante Miss White, con\u00e7ue pour vous offrir un teint rayonnant d\u00e8s le r\u00e9veil\u00a0: -Sa mousse fine et d\u00e9licieusement parfum\u00e9e nettoie et exfolie la peau. &#8211; Elimine les cellules mortes et affine le grain de peau, [&hellip;]<\/p>","protected":false},"featured_media":1737,"comment_status":"open","ping_status":"closed","template":"","meta":[],"_links":{"self":[{"href":"https:\/\/glamoriya.com\/en\/wp-json\/wp\/v2\/product\/884"}],"collection":[{"href":"https:\/\/glamoriya.com\/en\/wp-json\/wp\/v2\/product"}],"about":[{"href":"https:\/\/glamoriya.com\/en\/wp-json\/wp\/v2\/types\/product"}],"replies":[{"embeddable":true,"href":"https:\/\/glamoriya.com\/en\/wp-json\/wp\/v2\/comments?post=884"}],"wp:featuredmedia":[{"embeddable":true,"href":"https:\/\/glamoriya.com\/en\/wp-json\/wp\/v2\/media\/1737"}],"wp:attachment":[{"href":"https:\/\/glamoriya.com\/en\/wp-json\/wp\/v2\/media?parent=884"}],"curies":[{"name":"wp","href":"https:\/\/api.w.org\/{rel}","templated":true}]}}