{"id":879,"date":"2021-04-27T18:30:11","date_gmt":"2021-04-27T16:30:11","guid":{"rendered":"https:\/\/glamoriya.com\/?post_type=product&#038;p=879"},"modified":"2025-05-19T15:05:18","modified_gmt":"2025-05-19T13:05:18","slug":"fair-white-so-white-carrot-gel-douche-gommage-eclat","status":"publish","type":"product","link":"https:\/\/glamoriya.com\/en\/product\/fair-white-so-white-carrot-gel-douche-gommage-eclat\/","title":{"rendered":"Fair &#038; White So Carrot Gel Douche Gommage Eclat"},"content":{"rendered":"<p>Exfoliating Shower Gel - ECLAT SCRUB With So Carrot Energizing fragrance<\/p>\n<p>Treat your skin to the So Carrot exfoliating shower: for ultra-luminous satin skin.<\/p>\n<p>-Its velvety foam with an invigorating scent gently cleanses the skin<\/p>\n<p>- Eliminates dead cells and impurities while toning the skin<\/p>\n<p>- Every day, it takes care of the body and leaves the skin radiant with beauty.<\/p>\n<p>With apricot kernel powder, natural exfoliating microbeads and Glycerin.<\/p>","protected":false},"excerpt":{"rendered":"<p>Gel Douche Exfoliant &#8211; GOMMAGE ECLAT Au parfum So Carrot Dynamisant Offrez \u00e0 votre peau la douche gommante So Carrot : pour une peau de satin ultra lumineuses. -Sa mousse velout\u00e9e au parfum vivifiant nettoie la peau en douceur &#8211; Elimine les cellules mortes et impuret\u00e9s tout en tonifiant la peau &#8211; Chaque jour, il [&hellip;]<\/p>","protected":false},"featured_media":1717,"comment_status":"open","ping_status":"closed","template":"","meta":[],"_links":{"self":[{"href":"https:\/\/glamoriya.com\/en\/wp-json\/wp\/v2\/product\/879"}],"collection":[{"href":"https:\/\/glamoriya.com\/en\/wp-json\/wp\/v2\/product"}],"about":[{"href":"https:\/\/glamoriya.com\/en\/wp-json\/wp\/v2\/types\/product"}],"replies":[{"embeddable":true,"href":"https:\/\/glamoriya.com\/en\/wp-json\/wp\/v2\/comments?post=879"}],"wp:featuredmedia":[{"embeddable":true,"href":"https:\/\/glamoriya.com\/en\/wp-json\/wp\/v2\/media\/1717"}],"wp:attachment":[{"href":"https:\/\/glamoriya.com\/en\/wp-json\/wp\/v2\/media?parent=879"}],"curies":[{"name":"wp","href":"https:\/\/api.w.org\/{rel}","templated":true}]}}