{"id":332,"date":"2021-04-12T12:06:09","date_gmt":"2021-04-12T10:06:09","guid":{"rendered":"http:\/\/glamoriya.com\/produit\/import-placeholder-for-825\/"},"modified":"2024-07-09T16:20:07","modified_gmt":"2024-07-09T14:20:07","slug":"mekako-gel-douche","status":"publish","type":"product","link":"https:\/\/glamoriya.com\/en\/product\/mekako-gel-douche\/","title":{"rendered":"Mekako Shower Gel"},"content":{"rendered":"<p>MEKAKO shower gel is the ideal cleansing product to take care of your skin. Its rich composition is enhanced by the presence of Glycerin, Sorbitol and honey for a<br \/>\noptimal moisturizing action. It also contains Triclosan and Lactic Acid derivatives which promote antibacterial and sebum-regulating properties. Shea Butter and Wheat Proteins reinforce the softening and soothing properties.<\/p>","protected":false},"excerpt":{"rendered":"<p>La gel douche MEKAKO est le produit nettoyant id\u00e9al pour prendre soin de votre peau. Sa composition riche est mise en valeur par la pr\u00e9sence de Glyc\u00e9rine, de Sorbitol et de miel pour une action hydratante optimale. Elle contient \u00e9galement de Triclosan et des d\u00e9riv\u00e9s de l\u2019Acide Lactique qui favorisent les propri\u00e9t\u00e9s antibact\u00e9riennes et s\u00e9bor\u00e9gulatrices. [&hellip;]<\/p>","protected":false},"featured_media":348,"comment_status":"open","ping_status":"closed","template":"","meta":[],"_links":{"self":[{"href":"https:\/\/glamoriya.com\/en\/wp-json\/wp\/v2\/product\/332"}],"collection":[{"href":"https:\/\/glamoriya.com\/en\/wp-json\/wp\/v2\/product"}],"about":[{"href":"https:\/\/glamoriya.com\/en\/wp-json\/wp\/v2\/types\/product"}],"replies":[{"embeddable":true,"href":"https:\/\/glamoriya.com\/en\/wp-json\/wp\/v2\/comments?post=332"}],"wp:featuredmedia":[{"embeddable":true,"href":"https:\/\/glamoriya.com\/en\/wp-json\/wp\/v2\/media\/348"}],"wp:attachment":[{"href":"https:\/\/glamoriya.com\/en\/wp-json\/wp\/v2\/media?parent=332"}],"curies":[{"name":"wp","href":"https:\/\/api.w.org\/{rel}","templated":true}]}}