{"id":288,"date":"2021-04-12T12:05:55","date_gmt":"2021-04-12T10:05:55","guid":{"rendered":"http:\/\/glamoriya.com\/produit\/import-placeholder-for-811\/"},"modified":"2024-07-09T16:21:17","modified_gmt":"2024-07-09T14:21:17","slug":"neoprosone-gommage-eclaircissant","status":"publish","type":"product","link":"https:\/\/glamoriya.com\/en\/product\/neoprosone-gommage-eclaircissant\/","title":{"rendered":"Neoprosone lightening scrub"},"content":{"rendered":"<p>An extra scrubbing action is the base for a cosmetic skin lightening. It improves dull complexion evening out the skin tone. A mixture of the purest Sweet Almonds, Wheat Germ and Cotton Seeds oils, together with Shea Butter, Provitamin B5 and Vitamin B3, supported by refined natural crystals.\nThe incomparable efficacy with an immediate effect.<\/p>","protected":false},"excerpt":{"rendered":"<p>Une action extra gommant est la base d&#8217;un traitement cosm\u00e9tique pour l&#8217;\u00e9claircissement de l&#8217;\u00e9piderme. Il \u00e9limine le teint gris de la peau en donnant une uniformit\u00e9 imm\u00e9diate et agit en correcteur uniformisant. Un m\u00e9lange d&#8217;Huiles tr\u00e8s pures d&#8217;Amandes, de Germe de Bl\u00e9 et de Coton, aussi bien que de Beurre de Karit\u00e9, de Provitamine B5 [&hellip;]<\/p>","protected":false},"featured_media":319,"comment_status":"open","ping_status":"closed","template":"","meta":[],"_links":{"self":[{"href":"https:\/\/glamoriya.com\/en\/wp-json\/wp\/v2\/product\/288"}],"collection":[{"href":"https:\/\/glamoriya.com\/en\/wp-json\/wp\/v2\/product"}],"about":[{"href":"https:\/\/glamoriya.com\/en\/wp-json\/wp\/v2\/types\/product"}],"replies":[{"embeddable":true,"href":"https:\/\/glamoriya.com\/en\/wp-json\/wp\/v2\/comments?post=288"}],"wp:featuredmedia":[{"embeddable":true,"href":"https:\/\/glamoriya.com\/en\/wp-json\/wp\/v2\/media\/319"}],"wp:attachment":[{"href":"https:\/\/glamoriya.com\/en\/wp-json\/wp\/v2\/media?parent=288"}],"curies":[{"name":"wp","href":"https:\/\/api.w.org\/{rel}","templated":true}]}}