{"id":286,"date":"2021-04-12T12:05:55","date_gmt":"2021-04-12T10:05:55","guid":{"rendered":"http:\/\/glamoriya.com\/produit\/import-placeholder-for-809\/"},"modified":"2025-05-19T05:04:28","modified_gmt":"2025-05-19T03:04:28","slug":"neoprosone-gommage","status":"publish","type":"product","link":"https:\/\/glamoriya.com\/en\/product\/neoprosone-gommage\/","title":{"rendered":"Neoprosone lightening scrub"},"content":{"rendered":"<p>Un m\u00e9lange appropri\u00e9 d&#8217;agents tensioactifs adoucis par du miel et de la glyc\u00e9rine v\u00e9g\u00e9tale, donnant efficacit\u00e9 et d\u00e9licatesse. Un d\u00e9tergent actif, tout en \u00e9tant d\u00e9licat sur la peau. L&#8217;\u00e9nergie de la ponce volcanique avec la poudre de noyaux de p\u00eaches donne un teint toujours \u00e9lastique et radieux. Un parfum fascinant d&#8217;\u00e9pices orientales<\/p>","protected":false},"excerpt":{"rendered":"<p>Un m\u00e9lange appropri\u00e9 d&#8217;agents tensioactifs adoucis par du miel et de la glyc\u00e9rine v\u00e9g\u00e9tale, donnant efficacit\u00e9 et d\u00e9licatesse. Un d\u00e9tergent actif, tout en \u00e9tant d\u00e9licat sur la peau. L&#8217;\u00e9nergie de la ponce volcanique avec la poudre de noyaux de p\u00eaches donne un teint toujours \u00e9lastique et radieux. Un parfum fascinant d&#8217;\u00e9pices orientales<\/p>","protected":false},"featured_media":317,"comment_status":"open","ping_status":"closed","template":"","meta":[],"_links":{"self":[{"href":"https:\/\/glamoriya.com\/en\/wp-json\/wp\/v2\/product\/286"}],"collection":[{"href":"https:\/\/glamoriya.com\/en\/wp-json\/wp\/v2\/product"}],"about":[{"href":"https:\/\/glamoriya.com\/en\/wp-json\/wp\/v2\/types\/product"}],"replies":[{"embeddable":true,"href":"https:\/\/glamoriya.com\/en\/wp-json\/wp\/v2\/comments?post=286"}],"wp:featuredmedia":[{"embeddable":true,"href":"https:\/\/glamoriya.com\/en\/wp-json\/wp\/v2\/media\/317"}],"wp:attachment":[{"href":"https:\/\/glamoriya.com\/en\/wp-json\/wp\/v2\/media?parent=286"}],"curies":[{"name":"wp","href":"https:\/\/api.w.org\/{rel}","templated":true}]}}