{"id":285,"date":"2021-04-12T12:05:54","date_gmt":"2021-04-12T10:05:54","guid":{"rendered":"http:\/\/glamoriya.com\/produit\/import-placeholder-for-808\/"},"modified":"2024-07-09T16:23:15","modified_gmt":"2024-07-09T14:23:15","slug":"neoprosone-creme-visage","status":"publish","type":"product","link":"https:\/\/glamoriya.com\/en\/product\/neoprosone-creme-visage\/","title":{"rendered":"Neoprosone Lightening face cream"},"content":{"rendered":"<p class=\" translation-block\">Already at touch it reveals a complete and compact texture. It is rich in moisturizing and anti-age components, with Wheat Germ, Sweet Almonds and Cotton Seeds refined oils. The Vitamin complex E, B3 and A ensures an antioxidant and a highly lightening actions. It has a charming oriental perfume\nwith fruity scents.<\/p>","protected":false},"excerpt":{"rendered":"<p>D\u00e9j\u00e0 au toucher elle r\u00e9v\u00e8le son caract\u00e8re et sa texture agr\u00e9able. Elle est riche en actifs hydratants et anti \u00e2ge, soit des Huiles raffin\u00e9es de Germe de Bl\u00e9, d&#8217;Amandes et de Coton. Un complexe Vitaminique avec Vitamine E, Vitamine B3 et Vitamine A, qui assure un proc\u00e8s anti-oxydant et tr\u00e8s \u00e9claircissant. Un parfum oriental stimulant [&hellip;]<\/p>","protected":false},"featured_media":316,"comment_status":"open","ping_status":"closed","template":"","meta":[],"_links":{"self":[{"href":"https:\/\/glamoriya.com\/en\/wp-json\/wp\/v2\/product\/285"}],"collection":[{"href":"https:\/\/glamoriya.com\/en\/wp-json\/wp\/v2\/product"}],"about":[{"href":"https:\/\/glamoriya.com\/en\/wp-json\/wp\/v2\/types\/product"}],"replies":[{"embeddable":true,"href":"https:\/\/glamoriya.com\/en\/wp-json\/wp\/v2\/comments?post=285"}],"wp:featuredmedia":[{"embeddable":true,"href":"https:\/\/glamoriya.com\/en\/wp-json\/wp\/v2\/media\/316"}],"wp:attachment":[{"href":"https:\/\/glamoriya.com\/en\/wp-json\/wp\/v2\/media?parent=285"}],"curies":[{"name":"wp","href":"https:\/\/api.w.org\/{rel}","templated":true}]}}