{"id":271,"date":"2021-04-12T12:05:53","date_gmt":"2021-04-12T10:05:53","guid":{"rendered":"http:\/\/glamoriya.com\/produit\/import-placeholder-for-785\/"},"modified":"2025-05-19T05:26:58","modified_gmt":"2025-05-19T03:26:58","slug":"dudu-osun-savon-noir-tropical-naturals","status":"publish","type":"product","link":"https:\/\/glamoriya.com\/en\/product\/dudu-osun-savon-noir-tropical-naturals\/","title":{"rendered":"Dudu-Osun Black Soap Tropical Naturals"},"content":{"rendered":"<p id=\"tw-target-text\" class=\"tw-data-text tw-text-large XcVN5d tw-ta\" dir=\"ltr\" data-placeholder=\"Traduction\"><span class=\"Y2IQFc\" lang=\"fr\">Tropical Naturals Dudu-Osun Blacke Soap.Dudu-Osun is the age-long African black soap made\nthe traditional way by hand from ingredients and herbs from the tropical rain forest and savannah\nregions.\n\u2022 No artificial colours\n- No preservatives\nBio degradable\nPalm Kernel Oil\n\u2022 Lime juice\n. Cocoa pod ash\n\u2022 Osun (camwood)\nPalm bunch ash\n\u2022 Aloe Vera\n\u00b7 Shea Butter\n\u2022 Lemon juice\n\u2022 Water\nFragrance\nHoney<\/span><\/p>","protected":false},"excerpt":{"rendered":"<p>Tropical Naturals Dudu-Osun Blacke Soap.Dudu-Osun est le savon noir africain s\u00e9culaire la mani\u00e8re traditionnelle \u00e0 la main \u00e0 partir d&#8217;ingr\u00e9dients et d&#8217;herbes de la for\u00eat tropicale humide et de la savane R\u00e9gions. \u2022 Pas de colorants artificiels &#8211; Aucun agent de conservation Biod\u00e9gradable L&#8217;huile de palmiste \u2022 Jus de citron vert . Cendre de cabosses [&hellip;]<\/p>","protected":false},"featured_media":1711,"comment_status":"open","ping_status":"closed","template":"","meta":[],"_links":{"self":[{"href":"https:\/\/glamoriya.com\/en\/wp-json\/wp\/v2\/product\/271"}],"collection":[{"href":"https:\/\/glamoriya.com\/en\/wp-json\/wp\/v2\/product"}],"about":[{"href":"https:\/\/glamoriya.com\/en\/wp-json\/wp\/v2\/types\/product"}],"replies":[{"embeddable":true,"href":"https:\/\/glamoriya.com\/en\/wp-json\/wp\/v2\/comments?post=271"}],"wp:featuredmedia":[{"embeddable":true,"href":"https:\/\/glamoriya.com\/en\/wp-json\/wp\/v2\/media\/1711"}],"wp:attachment":[{"href":"https:\/\/glamoriya.com\/en\/wp-json\/wp\/v2\/media?parent=271"}],"curies":[{"name":"wp","href":"https:\/\/api.w.org\/{rel}","templated":true}]}}