{"id":267,"date":"2021-04-12T12:05:53","date_gmt":"2021-04-12T10:05:53","guid":{"rendered":"http:\/\/glamoriya.com\/produit\/import-placeholder-for-738\/"},"modified":"2025-06-15T20:02:59","modified_gmt":"2025-06-15T18:02:59","slug":"clinic-clear-creme-eclaircissante","status":"publish","type":"product","link":"https:\/\/glamoriya.com\/en\/product\/clinic-clear-creme-eclaircissante\/","title":{"rendered":"Clinic Clear Whitening Cream"},"content":{"rendered":"<p>Discover the beauty secret of African-American women for a perfect skin. This multi-function whitening body care unifies, corrects, protects, brightens and hydrates your skin in one step. Your\nskin is radiant and unified while being protected against premature signs of aging. Its formula has been specialy designed and adapted to meet the nature of African skins and their cosmetic needs.<\/p>","protected":false},"excerpt":{"rendered":"<p>D\u00e9couvrez le secret de beaut\u00e9 des femmes Afro-Am\u00e9ricaines pour une peau parfaite. Cette Cr\u00e8me Protectrice Quotidienne est un soin unificateur de teint multifonction qui unifie, corrige, prot\u00e8ge, illumine et hydrate votre teint en un seul geste Votre peau est \u00e9clatante et unifi\u00e9e tout en \u00e9tant prot\u00e9g\u00e9e contre les signes pr\u00e9matur\u00e9s du vieillissement. Sa formule issue [&hellip;]<\/p>","protected":false},"featured_media":297,"comment_status":"open","ping_status":"closed","template":"","meta":[],"_links":{"self":[{"href":"https:\/\/glamoriya.com\/en\/wp-json\/wp\/v2\/product\/267"}],"collection":[{"href":"https:\/\/glamoriya.com\/en\/wp-json\/wp\/v2\/product"}],"about":[{"href":"https:\/\/glamoriya.com\/en\/wp-json\/wp\/v2\/types\/product"}],"replies":[{"embeddable":true,"href":"https:\/\/glamoriya.com\/en\/wp-json\/wp\/v2\/comments?post=267"}],"wp:featuredmedia":[{"embeddable":true,"href":"https:\/\/glamoriya.com\/en\/wp-json\/wp\/v2\/media\/297"}],"wp:attachment":[{"href":"https:\/\/glamoriya.com\/en\/wp-json\/wp\/v2\/media?parent=267"}],"curies":[{"name":"wp","href":"https:\/\/api.w.org\/{rel}","templated":true}]}}