{"id":231,"date":"2021-04-12T12:05:39","date_gmt":"2021-04-12T10:05:39","guid":{"rendered":"http:\/\/glamoriya.com\/produit\/import-placeholder-for-731\/"},"modified":"2024-07-09T16:25:17","modified_gmt":"2024-07-09T14:25:17","slug":"clinic-clear-gel-douche-eclaircissant-gommage-exfoliant","status":"publish","type":"product","link":"https:\/\/glamoriya.com\/en\/product\/clinic-clear-gel-douche-eclaircissant-gommage-exfoliant\/","title":{"rendered":"Clinic Clear Brightening Shower Gel Exfoliating Scrub"},"content":{"rendered":"<p>Our Clinic Clear shower gel will leave your skin delicately scented and a real pleasure! Ideal for\neveryday use, its irresistible texture, with soft scrub, gently smoothes your skin and makes it more flexible with a luminous effect Its fragrance envelops your skin with a veil of FA IV e sensuality and softness.<\/p>","protected":false},"excerpt":{"rendered":"<p>Notre gel douche Clinic Clear laissera votre peau d\u00e9licatement parfum\u00e9e pour vous procurer un vraimoment de plaisir ! Id\u00e9ale pour une utilisation quotidienne, cette texture irr\u00e9sistible, aux grains de gommage doux, lisse votre peau en douceur et la rend plus souple. Son parfum vous enveloppe d&#8217;un v\u00e9ritable voile de sensualit\u00e9 et de douceur. Sans oublier [&hellip;]<\/p>","protected":false},"featured_media":261,"comment_status":"open","ping_status":"closed","template":"","meta":[],"_links":{"self":[{"href":"https:\/\/glamoriya.com\/en\/wp-json\/wp\/v2\/product\/231"}],"collection":[{"href":"https:\/\/glamoriya.com\/en\/wp-json\/wp\/v2\/product"}],"about":[{"href":"https:\/\/glamoriya.com\/en\/wp-json\/wp\/v2\/types\/product"}],"replies":[{"embeddable":true,"href":"https:\/\/glamoriya.com\/en\/wp-json\/wp\/v2\/comments?post=231"}],"wp:featuredmedia":[{"embeddable":true,"href":"https:\/\/glamoriya.com\/en\/wp-json\/wp\/v2\/media\/261"}],"wp:attachment":[{"href":"https:\/\/glamoriya.com\/en\/wp-json\/wp\/v2\/media?parent=231"}],"curies":[{"name":"wp","href":"https:\/\/api.w.org\/{rel}","templated":true}]}}