{"id":221,"date":"2021-04-12T12:05:38","date_gmt":"2021-04-12T10:05:38","guid":{"rendered":"http:\/\/glamoriya.com\/produit\/import-placeholder-for-663\/"},"modified":"2023-10-21T10:36:54","modified_gmt":"2023-10-21T08:36:54","slug":"perfect-white-creme-de-beaute-clarifiante","status":"publish","type":"product","link":"https:\/\/glamoriya.com\/en\/product\/perfect-white-creme-de-beaute-clarifiante\/","title":{"rendered":"Perfect White Clarifying Beauty Cream"},"content":{"rendered":"<p>La cr\u00e8me PerfectWhite est sp\u00e9cialement con\u00e7ue pour une action rapide et efficace. Gr\u00e2ce \u00e0 ses actifs, elle cible et att\u00e9nue instantan\u00e9ment les taches brunes et unifie le teint pour redonner \u00e0 la peau son \u00e9clat naturel. Votre peau est claire, fra\u00eeche et lisse, elle est parfaite !<\/p>","protected":false},"excerpt":{"rendered":"<p>La cr\u00e8me PerfectWhite est sp\u00e9cialement con\u00e7ue pour une action rapide et efficace. Gr\u00e2ce \u00e0 ses actifs, elle cible et att\u00e9nue instantan\u00e9ment les taches brunes et unifie le teint pour redonner \u00e0 la peau son \u00e9clat naturel. Votre peau est claire, fra\u00eeche et lisse, elle est parfaite !<\/p>","protected":false},"featured_media":251,"comment_status":"open","ping_status":"closed","template":"","meta":[],"_links":{"self":[{"href":"https:\/\/glamoriya.com\/en\/wp-json\/wp\/v2\/product\/221"}],"collection":[{"href":"https:\/\/glamoriya.com\/en\/wp-json\/wp\/v2\/product"}],"about":[{"href":"https:\/\/glamoriya.com\/en\/wp-json\/wp\/v2\/types\/product"}],"replies":[{"embeddable":true,"href":"https:\/\/glamoriya.com\/en\/wp-json\/wp\/v2\/comments?post=221"}],"wp:featuredmedia":[{"embeddable":true,"href":"https:\/\/glamoriya.com\/en\/wp-json\/wp\/v2\/media\/251"}],"wp:attachment":[{"href":"https:\/\/glamoriya.com\/en\/wp-json\/wp\/v2\/media?parent=221"}],"curies":[{"name":"wp","href":"https:\/\/api.w.org\/{rel}","templated":true}]}}