{"id":215,"date":"2021-04-12T12:05:37","date_gmt":"2021-04-12T10:05:37","guid":{"rendered":"http:\/\/glamoriya.com\/produit\/import-placeholder-for-656\/"},"modified":"2025-09-01T04:16:50","modified_gmt":"2025-09-01T02:16:50","slug":"b-white-curcuma-avec-du-safran-creme-eclaircissante-pour-le-visage","status":"publish","type":"product","link":"https:\/\/glamoriya.com\/en\/product\/b-white-curcuma-avec-du-safran-creme-eclaircissante-pour-le-visage\/","title":{"rendered":"B White Turmeric with Saffron Brightening Face Cream"},"content":{"rendered":"<p>Even your Skin Tone with B White Turmeric with Saffron Lightening Face Cream which Improves\nskin's overall clarity and texture by visibly diminishing discoloration caused from sun patches,\nacne, hyper-pigmentation and accidents. Gives glowing skin and removes all the dullness of skin. The pure essence of Saffron makes the skin appear soft, smooth and supple. Enriched with Kojic Acid that helps in slowing down the skins pigmentation process & lightens your skintone. Its continuous use will make the skin tone fair and even along with providing a soft natural glow.<\/p>","protected":false},"excerpt":{"rendered":"<p>Unifiez votre teint avec B White T Curcuma avec du Safran Cr\u00e8me de Visage Eclaircissant qui am\u00e9liore la clart\u00e9 et la texture de la peau en diminuant visiblement les d\u00e9colorations caus\u00e9es par les taches solaires, l&#8217;acn\u00e9, l&#8217;hyperpigmentation et les accidents. Donne une peau \u00e9clatante et \u00e9limine toute la matit\u00e9 de la peau. L&#8217;essence pure de [&hellip;]<\/p>","protected":false},"featured_media":1694,"comment_status":"open","ping_status":"closed","template":"","meta":[],"_links":{"self":[{"href":"https:\/\/glamoriya.com\/en\/wp-json\/wp\/v2\/product\/215"}],"collection":[{"href":"https:\/\/glamoriya.com\/en\/wp-json\/wp\/v2\/product"}],"about":[{"href":"https:\/\/glamoriya.com\/en\/wp-json\/wp\/v2\/types\/product"}],"replies":[{"embeddable":true,"href":"https:\/\/glamoriya.com\/en\/wp-json\/wp\/v2\/comments?post=215"}],"wp:featuredmedia":[{"embeddable":true,"href":"https:\/\/glamoriya.com\/en\/wp-json\/wp\/v2\/media\/1694"}],"wp:attachment":[{"href":"https:\/\/glamoriya.com\/en\/wp-json\/wp\/v2\/media?parent=215"}],"curies":[{"name":"wp","href":"https:\/\/api.w.org\/{rel}","templated":true}]}}