{"id":214,"date":"2021-04-12T12:05:37","date_gmt":"2021-04-12T10:05:37","guid":{"rendered":"http:\/\/glamoriya.com\/produit\/import-placeholder-for-655\/"},"modified":"2025-02-10T19:49:00","modified_gmt":"2025-02-10T18:49:00","slug":"b-white-piment-doux-avec-carotte-creme-eclaircissante-pour-le-visage","status":"publish","type":"product","link":"https:\/\/glamoriya.com\/en\/product\/b-white-piment-doux-avec-carotte-creme-eclaircissante-pour-le-visage\/","title":{"rendered":"B White Sweet Pepper with Carrot Brightening Face Cream"},"content":{"rendered":"<p>SURPRISE YOURSELF WITH YOUR BRIGHT NEW LOOK with B White Sweet Pepper with\nCarrot Lightening Face Cream - Gradually even the skin tone and provide intense hydration,\nleaving your skin perfectly moisturized and bright.<\/p>\n<p>Carrot Extract is high in Vitamin A and E, beta\ncarotene and also contains carotenoid which is very beneficial in lightening the skin tone & provides natural protection against the effect of UV radiation; it will give your skin a discreet and natural golden glow. Combined with Sweet Pepper which contains twice the amount of Vitamin C than their other varieties - which makes them extremely beneficial for your skin.<\/p>","protected":false},"excerpt":{"rendered":"<p>SURPRENEZ-VOUS AVEC VOTRE NOUVEAU LOOK avec B White Piment Doux avec Carotte Cr\u00e8me de Visage Eclaircissant Eclaircissant &#8211; Unifiez progressivement le teint et offrez une hydratation intense, laissant votre peau parfaitement hydrat\u00e9e et lumineuse. L&#8217;extrait de Carotte est riche en vitamines A et E, en b\u00eata-carot\u00e8ne et contient \u00e9galement du carot\u00e9no\u00efde, qui est tr\u00e8s b\u00e9n\u00e9fique [&hellip;]<\/p>","protected":false},"featured_media":1702,"comment_status":"open","ping_status":"closed","template":"","meta":[],"_links":{"self":[{"href":"https:\/\/glamoriya.com\/en\/wp-json\/wp\/v2\/product\/214"}],"collection":[{"href":"https:\/\/glamoriya.com\/en\/wp-json\/wp\/v2\/product"}],"about":[{"href":"https:\/\/glamoriya.com\/en\/wp-json\/wp\/v2\/types\/product"}],"replies":[{"embeddable":true,"href":"https:\/\/glamoriya.com\/en\/wp-json\/wp\/v2\/comments?post=214"}],"wp:featuredmedia":[{"embeddable":true,"href":"https:\/\/glamoriya.com\/en\/wp-json\/wp\/v2\/media\/1702"}],"wp:attachment":[{"href":"https:\/\/glamoriya.com\/en\/wp-json\/wp\/v2\/media?parent=214"}],"curies":[{"name":"wp","href":"https:\/\/api.w.org\/{rel}","templated":true}]}}