{"id":213,"date":"2021-04-12T12:05:37","date_gmt":"2021-04-12T10:05:37","guid":{"rendered":"http:\/\/glamoriya.com\/produit\/import-placeholder-for-654\/"},"modified":"2023-10-21T10:41:53","modified_gmt":"2023-10-21T08:41:53","slug":"b-white-aha-avec-de-lhuile-dargan-creme-eclaircissante-pour-le-visage","status":"publish","type":"product","link":"https:\/\/glamoriya.com\/en\/product\/b-white-aha-avec-de-lhuile-dargan-creme-eclaircissante-pour-le-visage\/","title":{"rendered":"B White AHA with Argan Oil Brightening Face Cream"},"content":{"rendered":"<p>B White AHA with Argan Oil Lightening Face Cream helps to reduce the appearance of fine lines. Alpha hydroxy acid \u2013 which has been used as a skin rejuvenating product since the time of\nCleopatra - works by helping remove dead skin cells and making room for new cells to grow. B<\/p>","protected":false},"excerpt":{"rendered":"<p>B White AHA avec de l\u2019huile d\u2019Argan Cr\u00e8me Eclaircissant pour le Visage aide \u00e0 r\u00e9duire l&#8217;apparence des ridules. L&#8217;acide alpha-hydroxyl\u00e9 &#8211; utilis\u00e9 comme produit de rajeunissement de la peau depuis l&#8217;\u00e9poque de Cl\u00e9op\u00e2tre &#8211; agit en aidant \u00e0 \u00e9liminer les cellules mortes de la peau et en laissant de la place pour la croissance de [&hellip;]<\/p>","protected":false},"featured_media":1678,"comment_status":"open","ping_status":"closed","template":"","meta":[],"_links":{"self":[{"href":"https:\/\/glamoriya.com\/en\/wp-json\/wp\/v2\/product\/213"}],"collection":[{"href":"https:\/\/glamoriya.com\/en\/wp-json\/wp\/v2\/product"}],"about":[{"href":"https:\/\/glamoriya.com\/en\/wp-json\/wp\/v2\/types\/product"}],"replies":[{"embeddable":true,"href":"https:\/\/glamoriya.com\/en\/wp-json\/wp\/v2\/comments?post=213"}],"wp:featuredmedia":[{"embeddable":true,"href":"https:\/\/glamoriya.com\/en\/wp-json\/wp\/v2\/media\/1678"}],"wp:attachment":[{"href":"https:\/\/glamoriya.com\/en\/wp-json\/wp\/v2\/media?parent=213"}],"curies":[{"name":"wp","href":"https:\/\/api.w.org\/{rel}","templated":true}]}}