{"id":212,"date":"2021-04-12T12:05:37","date_gmt":"2021-04-12T10:05:37","guid":{"rendered":"http:\/\/glamoriya.com\/produit\/import-placeholder-for-653\/"},"modified":"2024-01-23T12:35:57","modified_gmt":"2024-01-23T11:35:57","slug":"b-white-curcuma-avec-du-safran-creme-eclaircissante-pour-le-visage-et-le-corps","status":"publish","type":"product","link":"https:\/\/glamoriya.com\/en\/product\/b-white-curcuma-avec-du-safran-creme-eclaircissante-pour-le-visage-et-le-corps\/","title":{"rendered":"B White Turmeric with Saffron Brightening Cream for Face and Body"},"content":{"rendered":"<p>Even your Skin Tone with B White Turmeric with Saffron Lightening Face & Body Cream which\nImproves skin's overall clarity and texture by visibly diminishing discoloration caused from sun patches, acne, hyper-pigmentation and accidents. Gives glowing skin and removes all the dullness of skin. The pure essence of Saffron makes the skin appear soft, smooth and supple. Enriched with Kojic Acid that helps in slowing down the skins pigmentation process & lightens your skin tone.<\/p>\n<p>Its continued use will make the complexion clear and even while giving it a soft natural glow.<\/p>","protected":false},"excerpt":{"rendered":"<p>Unifiez votre teint avec B White Curcuma avec du Safran Cr\u00e8me Eclaircissant pour le visage et corps qui am\u00e9liore la clart\u00e9 et la texture g\u00e9n\u00e9rale de la peau en diminuant visiblement les d\u00e9colorations caus\u00e9es par les taches solaires, l&#8217;acn\u00e9, l&#8217;hyperpigmentation et les accidents. Donne de l&#8217;\u00e9clat a la peau et enl\u00e8ve tout le caract\u00e8re terne [&hellip;]<\/p>","protected":false},"featured_media":1696,"comment_status":"open","ping_status":"closed","template":"","meta":[],"_links":{"self":[{"href":"https:\/\/glamoriya.com\/en\/wp-json\/wp\/v2\/product\/212"}],"collection":[{"href":"https:\/\/glamoriya.com\/en\/wp-json\/wp\/v2\/product"}],"about":[{"href":"https:\/\/glamoriya.com\/en\/wp-json\/wp\/v2\/types\/product"}],"replies":[{"embeddable":true,"href":"https:\/\/glamoriya.com\/en\/wp-json\/wp\/v2\/comments?post=212"}],"wp:featuredmedia":[{"embeddable":true,"href":"https:\/\/glamoriya.com\/en\/wp-json\/wp\/v2\/media\/1696"}],"wp:attachment":[{"href":"https:\/\/glamoriya.com\/en\/wp-json\/wp\/v2\/media?parent=212"}],"curies":[{"name":"wp","href":"https:\/\/api.w.org\/{rel}","templated":true}]}}