{"id":211,"date":"2021-04-12T12:05:37","date_gmt":"2021-04-12T10:05:37","guid":{"rendered":"http:\/\/glamoriya.com\/produit\/import-placeholder-for-652\/"},"modified":"2025-05-19T19:03:09","modified_gmt":"2025-05-19T17:03:09","slug":"b-white-curcuma-avec-du-safran-creme-eclaircissante-pour-le-visage-et-le-corps-2","status":"publish","type":"product","link":"https:\/\/glamoriya.com\/en\/product\/b-white-curcuma-avec-du-safran-creme-eclaircissante-pour-le-visage-et-le-corps-2\/","title":{"rendered":"B White Piment Doux avec Carotte Cr\u00e8me \u00e9claircissante pour le visage et le corps"},"content":{"rendered":"<p>SURPRISE YOURSELF WITH YOUR BRIGHT NEW LOOK with B White Sweet Pepper with\nCarrot Lightening Face & Body Cream - Gradually even the skin tone and provide intense hydration, leaving your skin perfectly moisturized and bright<\/p>\n<p>Carrot extract is high in Vitamin A and\nE, beta carotene and also contains carotenoid which is very beneficial in lightening the skin tone & provides natural protection against the effect of UV radiation; it will give your skin a discreet and natural golden glow. Combined with Sweet Pepper which contains twice the amount of Vitamin C than their other varieties - which makes them extremely beneficial for your skin.<\/p>","protected":false},"excerpt":{"rendered":"<p>SURPRENEZ-VOUS AVEC VOTRE NOUVEAU LOOK ECLATANT B White Piment Doux avec Carotte Cr\u00e8me Eclaircissant pour le visage et corps- Unifiez progressivement le teint et offrez une hydratation intense, laissant votre peau parfaitement hydrat\u00e9e et lumineuse. L&#8217;extrait de Carotte est riche en Vitamines A et E, en b\u00eata-carot\u00e8ne et contient \u00e9galement d\u00fb la carot\u00e9no\u00efde, qui est [&hellip;]<\/p>","protected":false},"featured_media":1684,"comment_status":"open","ping_status":"closed","template":"","meta":[],"_links":{"self":[{"href":"https:\/\/glamoriya.com\/en\/wp-json\/wp\/v2\/product\/211"}],"collection":[{"href":"https:\/\/glamoriya.com\/en\/wp-json\/wp\/v2\/product"}],"about":[{"href":"https:\/\/glamoriya.com\/en\/wp-json\/wp\/v2\/types\/product"}],"replies":[{"embeddable":true,"href":"https:\/\/glamoriya.com\/en\/wp-json\/wp\/v2\/comments?post=211"}],"wp:featuredmedia":[{"embeddable":true,"href":"https:\/\/glamoriya.com\/en\/wp-json\/wp\/v2\/media\/1684"}],"wp:attachment":[{"href":"https:\/\/glamoriya.com\/en\/wp-json\/wp\/v2\/media?parent=211"}],"curies":[{"name":"wp","href":"https:\/\/api.w.org\/{rel}","templated":true}]}}