{"id":209,"date":"2021-04-12T12:05:37","date_gmt":"2021-04-12T10:05:37","guid":{"rendered":"http:\/\/glamoriya.com\/produit\/import-placeholder-for-650\/"},"modified":"2024-07-09T16:27:59","modified_gmt":"2024-07-09T14:27:59","slug":"b-white-curcuma-avec-du-safran-savon-extra-eclaircissante","status":"publish","type":"product","link":"https:\/\/glamoriya.com\/en\/product\/b-white-curcuma-avec-du-safran-savon-extra-eclaircissante\/","title":{"rendered":"B White Turmeric with Saffron extra lightening soap"},"content":{"rendered":"<p>B White Turmeric with Saffron ExtraLightening Soap is blended with natural lightening properties of Turmeric with skin loving Saffron to create a bar that moisturizes tones and protects your skin leaving it lighter, softer and smoother. This soap revitalizes and invigorates the skin to create a healthy glow & naturally fades the appearance of existing scars. It also gently exfoliates dead skin cells and and removes blemishes.<\/p>","protected":false},"excerpt":{"rendered":"<p>B White Curcuma avec du Safran Savon Eclaircissant est associ\u00e9 aux propri\u00e9t\u00e9s \u00e9claircissantes naturelle du curcuma et du safran, un ingr\u00e9dient tr\u00e8s appr\u00e9ci\u00e9 des peaux, pour cr\u00e9er une d\u00e9fense qui hydrate, tonifie et prot\u00e8ge votre peau, la laissant plus l\u00e9g\u00e8re, plus douce et plus lisse. Ce savon revitalise et tonifie la peau pour cr\u00e9er un [&hellip;]<\/p>","protected":false},"featured_media":1700,"comment_status":"open","ping_status":"closed","template":"","meta":[],"_links":{"self":[{"href":"https:\/\/glamoriya.com\/en\/wp-json\/wp\/v2\/product\/209"}],"collection":[{"href":"https:\/\/glamoriya.com\/en\/wp-json\/wp\/v2\/product"}],"about":[{"href":"https:\/\/glamoriya.com\/en\/wp-json\/wp\/v2\/types\/product"}],"replies":[{"embeddable":true,"href":"https:\/\/glamoriya.com\/en\/wp-json\/wp\/v2\/comments?post=209"}],"wp:featuredmedia":[{"embeddable":true,"href":"https:\/\/glamoriya.com\/en\/wp-json\/wp\/v2\/media\/1700"}],"wp:attachment":[{"href":"https:\/\/glamoriya.com\/en\/wp-json\/wp\/v2\/media?parent=209"}],"curies":[{"name":"wp","href":"https:\/\/api.w.org\/{rel}","templated":true}]}}