{"id":208,"date":"2021-04-12T12:05:37","date_gmt":"2021-04-12T10:05:37","guid":{"rendered":"http:\/\/glamoriya.com\/produit\/import-placeholder-for-579\/"},"modified":"2025-05-20T13:40:49","modified_gmt":"2025-05-20T11:40:49","slug":"b-white-piment-doux-avec-carotte-savon-extra-eclaircissante","status":"publish","type":"product","link":"https:\/\/glamoriya.com\/en\/product\/b-white-piment-doux-avec-carotte-savon-extra-eclaircissante\/","title":{"rendered":"B White Sweet Pepper with Carrot Extra brightening soap"},"content":{"rendered":"<p>B White Piment Doux avec Carotte Savon Eclaircissant est riche en huile de carotte et en piment doux, ce qui est b\u00e9n\u00e9fique pour \u00e9claircir le teint et pour uniformiser les taches cutan\u00e9es.<\/p>\n<p>B White Sweet Pepper with Carrot Extra Lightening Soap is rich in Carrot oil & Sweet Pepperwhich is beneficial in lightening the skin tone and to even patchy blemished skin. This soap has a formative effect in stimulating skin cell growth aimed to rejuvenate wrinkled, aged and dehydrated\nskin. Carrot oil contains Beta Carotene and Vitamin A which help to lighten & maintain skin tone and elasticity.<\/p>","protected":false},"excerpt":{"rendered":"<p>B White Piment Doux avec Carotte Savon Eclaircissant est riche en huile de carotte et en piment doux, ce qui est b\u00e9n\u00e9fique pour \u00e9claircir le teint et pour uniformiser les taches cutan\u00e9es. Ce savon a un effet r\u00e9g\u00e9n\u00e9rant en stimulant la croissance des cellules de la peau, dans le but de rajeunir les peaux rid\u00e9es, [&hellip;]<\/p>","protected":false},"featured_media":1708,"comment_status":"open","ping_status":"closed","template":"","meta":[],"_links":{"self":[{"href":"https:\/\/glamoriya.com\/en\/wp-json\/wp\/v2\/product\/208"}],"collection":[{"href":"https:\/\/glamoriya.com\/en\/wp-json\/wp\/v2\/product"}],"about":[{"href":"https:\/\/glamoriya.com\/en\/wp-json\/wp\/v2\/types\/product"}],"replies":[{"embeddable":true,"href":"https:\/\/glamoriya.com\/en\/wp-json\/wp\/v2\/comments?post=208"}],"wp:featuredmedia":[{"embeddable":true,"href":"https:\/\/glamoriya.com\/en\/wp-json\/wp\/v2\/media\/1708"}],"wp:attachment":[{"href":"https:\/\/glamoriya.com\/en\/wp-json\/wp\/v2\/media?parent=208"}],"curies":[{"name":"wp","href":"https:\/\/api.w.org\/{rel}","templated":true}]}}