{"id":206,"date":"2021-04-12T12:05:36","date_gmt":"2021-04-12T10:05:36","guid":{"rendered":"http:\/\/glamoriya.com\/produit\/import-placeholder-for-522\/"},"modified":"2025-05-19T20:17:24","modified_gmt":"2025-05-19T18:17:24","slug":"b-white-curcuma-avec-du-safran-lait-corporel-extra-eclaircissante","status":"publish","type":"product","link":"https:\/\/glamoriya.com\/en\/product\/b-white-curcuma-avec-du-safran-lait-corporel-extra-eclaircissante\/","title":{"rendered":"B White Turmeric with Saffron Extra Lightening Body Lotion"},"content":{"rendered":"<p>Unify your complexion with B White Turmeric with Saffron Brightening Body Lotion which improves skin clarity and texture by visibly reducing discoloration caused by sun spots, acne, hyperpigmentation and accidents. Gives glowing skin and removes all dullness from the skin. The pure essence of Saffron gives the skin a soft, smooth and supple appearance. Enriched with Kolic Acid which helps slow down the skin pigmentation process and brightens your complexion.<\/p>\n<p>Its continued use will make the complexion clear and even while giving it a soft natural glow.<\/p>","protected":false},"excerpt":{"rendered":"<p>Unifiez votre teint avec B White Curcuma avec du Safran Lait Corporel Eclaircissant qui am\u00e9liore la clart\u00e9 et la texture de la peau en diminuant visiblement la d\u00e9coloration caus\u00e9e par les taches solaires, l&#8217;acn\u00e9, l&#8217;hyperpigmentation et les accidents. Donne une peau \u00e9clatante et enl\u00e8ve tout le caract\u00e8re terne de la peau. L&#8217;essence pure de Safran [&hellip;]<\/p>","protected":false},"featured_media":1698,"comment_status":"open","ping_status":"closed","template":"","meta":[],"_links":{"self":[{"href":"https:\/\/glamoriya.com\/en\/wp-json\/wp\/v2\/product\/206"}],"collection":[{"href":"https:\/\/glamoriya.com\/en\/wp-json\/wp\/v2\/product"}],"about":[{"href":"https:\/\/glamoriya.com\/en\/wp-json\/wp\/v2\/types\/product"}],"replies":[{"embeddable":true,"href":"https:\/\/glamoriya.com\/en\/wp-json\/wp\/v2\/comments?post=206"}],"wp:featuredmedia":[{"embeddable":true,"href":"https:\/\/glamoriya.com\/en\/wp-json\/wp\/v2\/media\/1698"}],"wp:attachment":[{"href":"https:\/\/glamoriya.com\/en\/wp-json\/wp\/v2\/media?parent=206"}],"curies":[{"name":"wp","href":"https:\/\/api.w.org\/{rel}","templated":true}]}}