{"id":205,"date":"2021-04-12T12:05:36","date_gmt":"2021-04-12T10:05:36","guid":{"rendered":"http:\/\/glamoriya.com\/produit\/import-placeholder-for-521\/"},"modified":"2025-05-19T22:29:26","modified_gmt":"2025-05-19T20:29:26","slug":"b-white-piment-doux-avec-carotte-lait-corporel-extra-eclaircissante","status":"publish","type":"product","link":"https:\/\/glamoriya.com\/en\/product\/b-white-piment-doux-avec-carotte-lait-corporel-extra-eclaircissante\/","title":{"rendered":"B White Sweet Pepper with Carrot Extra Lightening Body Lotion"},"content":{"rendered":"<p>SURPRISE YOURSELF WITH YOUR NEW B White Sweet Pepper with Carrot Brightening Body Lotion - Gradually even out skin tone and provide intense hydration, leaving your skin perfectly hydrated and luminous.<\/p>\n<p>Carrot extract is rich in Vitamins A and E, beta-carotene and also contains carotenoid which is very beneficial in brightening the complexion and provides natural protection against the effects of UV rays; it will give your skin a discreet and natural golden glow. Combined with Sweet Pepper which contains twice as much Vitamin C as other varieties - making them extremely beneficial for your skin.<\/p>","protected":false},"excerpt":{"rendered":"<p>SURPRENEZ-VOUS AVEC VOTRE NOUVEAU LOOK ECLATANT B White Piment Doux avec Carotte Lait Corporel Eclaircissant \u2013 Unifiez progressivement le teint et offrez une hydratation intense, laissant votre peau parfaitement hydrat\u00e9e et lumineuse. L&#8217;extrait de Carotte est riche en Vitamines A et E, en b\u00eata-carot\u00e8ne et contient \u00e9galement de la carot\u00e9no\u00efde qui est tr\u00e8s b\u00e9n\u00e9fique pour [&hellip;]<\/p>","protected":false},"featured_media":1706,"comment_status":"open","ping_status":"closed","template":"","meta":[],"_links":{"self":[{"href":"https:\/\/glamoriya.com\/en\/wp-json\/wp\/v2\/product\/205"}],"collection":[{"href":"https:\/\/glamoriya.com\/en\/wp-json\/wp\/v2\/product"}],"about":[{"href":"https:\/\/glamoriya.com\/en\/wp-json\/wp\/v2\/types\/product"}],"replies":[{"embeddable":true,"href":"https:\/\/glamoriya.com\/en\/wp-json\/wp\/v2\/comments?post=205"}],"wp:featuredmedia":[{"embeddable":true,"href":"https:\/\/glamoriya.com\/en\/wp-json\/wp\/v2\/media\/1706"}],"wp:attachment":[{"href":"https:\/\/glamoriya.com\/en\/wp-json\/wp\/v2\/media?parent=205"}],"curies":[{"name":"wp","href":"https:\/\/api.w.org\/{rel}","templated":true}]}}