{"id":1939,"date":"2022-01-12T07:53:47","date_gmt":"2022-01-12T06:53:47","guid":{"rendered":"https:\/\/glamoriya.com\/?post_type=product&#038;p=1939"},"modified":"2023-09-20T12:36:25","modified_gmt":"2023-09-20T10:36:25","slug":"carotone-light-natural-b-s-c-creme-30-ml","status":"publish","type":"product","link":"https:\/\/glamoriya.com\/en\/product\/carotone-light-natural-b-s-c-creme-30-ml\/","title":{"rendered":"Carotone Light &#038; Natural B.S.C Cr\u00e8me 30 ml"},"content":{"rendered":"<p>Il aide \u00e0 r\u00e9duire l&#8217;apparence des points noirs sur le visage. Il soigne la peau.<\/p>","protected":false},"excerpt":{"rendered":"<p>Il aide \u00e0 r\u00e9duire l&#8217;apparence des points noirs sur le visage. Il soigne la peau.<\/p>","protected":false},"featured_media":1934,"comment_status":"open","ping_status":"closed","template":"","meta":[],"_links":{"self":[{"href":"https:\/\/glamoriya.com\/en\/wp-json\/wp\/v2\/product\/1939"}],"collection":[{"href":"https:\/\/glamoriya.com\/en\/wp-json\/wp\/v2\/product"}],"about":[{"href":"https:\/\/glamoriya.com\/en\/wp-json\/wp\/v2\/types\/product"}],"replies":[{"embeddable":true,"href":"https:\/\/glamoriya.com\/en\/wp-json\/wp\/v2\/comments?post=1939"}],"wp:featuredmedia":[{"embeddable":true,"href":"https:\/\/glamoriya.com\/en\/wp-json\/wp\/v2\/media\/1934"}],"wp:attachment":[{"href":"https:\/\/glamoriya.com\/en\/wp-json\/wp\/v2\/media?parent=1939"}],"curies":[{"name":"wp","href":"https:\/\/api.w.org\/{rel}","templated":true}]}}