{"id":1938,"date":"2022-01-12T07:48:48","date_gmt":"2022-01-12T06:48:48","guid":{"rendered":"https:\/\/glamoriya.com\/?post_type=product&#038;p=1938"},"modified":"2022-01-12T07:48:49","modified_gmt":"2022-01-12T06:48:49","slug":"carotone-light-natural-creme-clarifiante-330-ml","status":"publish","type":"product","link":"https:\/\/glamoriya.com\/en\/product\/carotone-light-natural-creme-clarifiante-330-ml\/","title":{"rendered":"Carotone Light &#038; Natural Cr\u00e8me Clarifiante 330 ml"},"content":{"rendered":"<p>Antioxydant majeur, le b\u00eata-carot\u00e8ne, hydrate, aide la peau \u00e0 se rafra\u00eechir et la prot\u00e8ge jour apr\u00e8s<br \/>\njour.<\/p>","protected":false},"excerpt":{"rendered":"<p>Antioxydant majeur, le b\u00eata-carot\u00e8ne, hydrate, aide la peau \u00e0 se rafra\u00eechir et la prot\u00e8ge jour apr\u00e8s jour.<\/p>","protected":false},"featured_media":1937,"comment_status":"open","ping_status":"closed","template":"","meta":[],"_links":{"self":[{"href":"https:\/\/glamoriya.com\/en\/wp-json\/wp\/v2\/product\/1938"}],"collection":[{"href":"https:\/\/glamoriya.com\/en\/wp-json\/wp\/v2\/product"}],"about":[{"href":"https:\/\/glamoriya.com\/en\/wp-json\/wp\/v2\/types\/product"}],"replies":[{"embeddable":true,"href":"https:\/\/glamoriya.com\/en\/wp-json\/wp\/v2\/comments?post=1938"}],"wp:featuredmedia":[{"embeddable":true,"href":"https:\/\/glamoriya.com\/en\/wp-json\/wp\/v2\/media\/1937"}],"wp:attachment":[{"href":"https:\/\/glamoriya.com\/en\/wp-json\/wp\/v2\/media?parent=1938"}],"curies":[{"name":"wp","href":"https:\/\/api.w.org\/{rel}","templated":true}]}}