{"id":1922,"date":"2021-12-18T21:42:27","date_gmt":"2021-12-18T20:42:27","guid":{"rendered":"https:\/\/glamoriya.com\/?post_type=product&#038;p=1922"},"modified":"2025-05-20T09:52:37","modified_gmt":"2025-05-20T07:52:37","slug":"new-light-gel-douche-grenadine-750-ml","status":"publish","type":"product","link":"https:\/\/glamoriya.com\/en\/product\/new-light-gel-douche-grenadine-750-ml\/","title":{"rendered":"New Light Grenadine Shower Gel 750ml"},"content":{"rendered":"<p>Formul\u00e9 \u00e0 base de AHA et de le extrait de grenadine, le gel douche NEW LIGHT GRENADINE renouvelle votre \u00e9piderme. Son parfum doux et sa mousse onctueuse vous procure un bien-\u00eatre et une fraicheur prolong\u00e9e.<\/p>","protected":false},"excerpt":{"rendered":"<p>Formul\u00e9 \u00e0 base de AHA et de le extrait de grenadine, le gel douche NEW LIGHT GRENADINE renouvelle votre \u00e9piderme. Son parfum doux et sa mousse onctueuse vous procure un bien-\u00eatre et une fraicheur prolong\u00e9e.<\/p>","protected":false},"featured_media":1927,"comment_status":"open","ping_status":"closed","template":"","meta":[],"_links":{"self":[{"href":"https:\/\/glamoriya.com\/en\/wp-json\/wp\/v2\/product\/1922"}],"collection":[{"href":"https:\/\/glamoriya.com\/en\/wp-json\/wp\/v2\/product"}],"about":[{"href":"https:\/\/glamoriya.com\/en\/wp-json\/wp\/v2\/types\/product"}],"replies":[{"embeddable":true,"href":"https:\/\/glamoriya.com\/en\/wp-json\/wp\/v2\/comments?post=1922"}],"wp:featuredmedia":[{"embeddable":true,"href":"https:\/\/glamoriya.com\/en\/wp-json\/wp\/v2\/media\/1927"}],"wp:attachment":[{"href":"https:\/\/glamoriya.com\/en\/wp-json\/wp\/v2\/media?parent=1922"}],"curies":[{"name":"wp","href":"https:\/\/api.w.org\/{rel}","templated":true}]}}