{"id":1913,"date":"2021-12-18T16:58:33","date_gmt":"2021-12-18T15:58:33","guid":{"rendered":"https:\/\/glamoriya.com\/?post_type=product&#038;p=1913"},"modified":"2024-07-09T15:43:42","modified_gmt":"2024-07-09T13:43:42","slug":"nature-secrete-a-lhuile-de-carotte-lait-eclaircissant-hydratant-350-ml","status":"publish","type":"product","link":"https:\/\/glamoriya.com\/en\/product\/nature-secrete-a-lhuile-de-carotte-lait-eclaircissant-hydratant-350-ml\/","title":{"rendered":"Nature Secr\u00e8te \u00e0 l&#8217;Huile de Carotte Lait Eclaircissant &#038; Hydratant 350 ml"},"content":{"rendered":"<p>Le Lait Nature Secr\u00e8te \u00e0 l&#8217;Huile de Carotte illumine les teints fatigu\u00e9s. R\u00e9volutionnaire, il va tr\u00e8s rapidement estomper vos taches d&#8217;hyperpigmentations et combattre activement leur apparition.<\/p>","protected":false},"excerpt":{"rendered":"<p>Le Lait Nature Secr\u00e8te \u00e0 l&#8217;Huile de Carotte illumine les teints fatigu\u00e9s. R\u00e9volutionnaire, il va tr\u00e8s rapidement estomper vos taches d&#8217;hyperpigmentations et combattre activement leur apparition.<\/p>","protected":false},"featured_media":1914,"comment_status":"open","ping_status":"closed","template":"","meta":[],"_links":{"self":[{"href":"https:\/\/glamoriya.com\/en\/wp-json\/wp\/v2\/product\/1913"}],"collection":[{"href":"https:\/\/glamoriya.com\/en\/wp-json\/wp\/v2\/product"}],"about":[{"href":"https:\/\/glamoriya.com\/en\/wp-json\/wp\/v2\/types\/product"}],"replies":[{"embeddable":true,"href":"https:\/\/glamoriya.com\/en\/wp-json\/wp\/v2\/comments?post=1913"}],"wp:featuredmedia":[{"embeddable":true,"href":"https:\/\/glamoriya.com\/en\/wp-json\/wp\/v2\/media\/1914"}],"wp:attachment":[{"href":"https:\/\/glamoriya.com\/en\/wp-json\/wp\/v2\/media?parent=1913"}],"curies":[{"name":"wp","href":"https:\/\/api.w.org\/{rel}","templated":true}]}}