{"id":1910,"date":"2021-12-18T16:49:07","date_gmt":"2021-12-18T15:49:07","guid":{"rendered":"https:\/\/glamoriya.com\/?post_type=product&#038;p=1910"},"modified":"2025-05-20T07:28:11","modified_gmt":"2025-05-20T05:28:11","slug":"nature-secrete-a-lhuile-de-carotte-serum-eclaircissant-anti-age-100-ml","status":"publish","type":"product","link":"https:\/\/glamoriya.com\/en\/product\/nature-secrete-a-lhuile-de-carotte-serum-eclaircissant-anti-age-100-ml\/","title":{"rendered":"Nature Secr\u00e8te \u00e0 l&#8217;Huile de Carotte S\u00e9rum Eclaircissant Anti-Age 100 ml"},"content":{"rendered":"<p>Le s\u00e9rum nature secr\u00e8te carotte est un soin traitant compos\u00e9 d&#8217;\u00e9l\u00e9ment naturels, aux vitamines et \u00e0 l&#8217;huile de carotte. Sp\u00e9cialement con\u00e7u pour la peau noir il combat rapidement les taches tenaces gr\u00e2ce \u00e0 ses puissants actifs exfoliants et \u00e9claircissant.<\/p>","protected":false},"excerpt":{"rendered":"<p>Le s\u00e9rum nature secr\u00e8te carotte est un soin traitant compos\u00e9 d&#8217;\u00e9l\u00e9ment naturels, aux vitamines et \u00e0 l&#8217;huile de carotte. Sp\u00e9cialement con\u00e7u pour la peau noir il combat rapidement les taches tenaces gr\u00e2ce \u00e0 ses puissants actifs exfoliants et \u00e9claircissant.<\/p>","protected":false},"featured_media":1911,"comment_status":"open","ping_status":"closed","template":"","meta":[],"_links":{"self":[{"href":"https:\/\/glamoriya.com\/en\/wp-json\/wp\/v2\/product\/1910"}],"collection":[{"href":"https:\/\/glamoriya.com\/en\/wp-json\/wp\/v2\/product"}],"about":[{"href":"https:\/\/glamoriya.com\/en\/wp-json\/wp\/v2\/types\/product"}],"replies":[{"embeddable":true,"href":"https:\/\/glamoriya.com\/en\/wp-json\/wp\/v2\/comments?post=1910"}],"wp:featuredmedia":[{"embeddable":true,"href":"https:\/\/glamoriya.com\/en\/wp-json\/wp\/v2\/media\/1911"}],"wp:attachment":[{"href":"https:\/\/glamoriya.com\/en\/wp-json\/wp\/v2\/media?parent=1910"}],"curies":[{"name":"wp","href":"https:\/\/api.w.org\/{rel}","templated":true}]}}