{"id":1907,"date":"2021-12-18T16:40:18","date_gmt":"2021-12-18T15:40:18","guid":{"rendered":"https:\/\/glamoriya.com\/?post_type=product&#038;p=1907"},"modified":"2024-07-09T15:44:20","modified_gmt":"2024-07-09T13:44:20","slug":"nature-secrete-a-lhuile-de-carotte-creme-de-corps-300-g","status":"publish","type":"product","link":"https:\/\/glamoriya.com\/en\/product\/nature-secrete-a-lhuile-de-carotte-creme-de-corps-300-g\/","title":{"rendered":"Nature Secr\u00e8te \u00e0 l&#8217;Huile de Carotte Cr\u00e8me de Corps 300 g"},"content":{"rendered":"<p>La cr\u00e8me de corps \u200e\u00e0 l\u200e\u2019\u200ehuile de carotte de la marque Nature Secr\u00e8te, hydrate, unifie et \u00e9claircit votre teint. Gr\u00e2ce \u00e0 sa composition associant des noyaux d\u2019abricots micronis\u00e9s et de l\u2019huile de carotte, elle illumine le teint, estompe les taches et aide \u00e0 \u200epr\u00e9venir leurs apparitions\u200e. Naturellement riche en vitamine A, l\u2019huile de carotte offre \u00e0 votre peau ses nombreux bienfaits nourrissants, tonifiants et anti-oxydants, pour l\u2019aider \u00e0 retrouver douceur, \u00e9clat et beaut\u00e9.<\/p>","protected":false},"excerpt":{"rendered":"<p>La cr\u00e8me de corps \u200e\u00e0 l\u200e\u2019\u200ehuile de carotte de la marque Nature Secr\u00e8te, hydrate, unifie et \u00e9claircit votre teint. Gr\u00e2ce \u00e0 sa composition associant des noyaux d\u2019abricots micronis\u00e9s et de l\u2019huile de carotte, elle illumine le teint, estompe les taches et aide \u00e0 \u200epr\u00e9venir leurs apparitions\u200e. Naturellement riche en vitamine A, l\u2019huile de carotte offre [&hellip;]<\/p>","protected":false},"featured_media":1909,"comment_status":"open","ping_status":"closed","template":"","meta":[],"_links":{"self":[{"href":"https:\/\/glamoriya.com\/en\/wp-json\/wp\/v2\/product\/1907"}],"collection":[{"href":"https:\/\/glamoriya.com\/en\/wp-json\/wp\/v2\/product"}],"about":[{"href":"https:\/\/glamoriya.com\/en\/wp-json\/wp\/v2\/types\/product"}],"replies":[{"embeddable":true,"href":"https:\/\/glamoriya.com\/en\/wp-json\/wp\/v2\/comments?post=1907"}],"wp:featuredmedia":[{"embeddable":true,"href":"https:\/\/glamoriya.com\/en\/wp-json\/wp\/v2\/media\/1909"}],"wp:attachment":[{"href":"https:\/\/glamoriya.com\/en\/wp-json\/wp\/v2\/media?parent=1907"}],"curies":[{"name":"wp","href":"https:\/\/api.w.org\/{rel}","templated":true}]}}