{"id":1902,"date":"2021-12-17T21:53:13","date_gmt":"2021-12-17T20:53:13","guid":{"rendered":"https:\/\/glamoriya.com\/?post_type=product&#038;p=1902"},"modified":"2024-07-09T15:44:36","modified_gmt":"2024-07-09T13:44:36","slug":"nature-secrete-a-lhuile-de-carotte-savon-eclaircissant-350-g","status":"publish","type":"product","link":"https:\/\/glamoriya.com\/en\/product\/nature-secrete-a-lhuile-de-carotte-savon-eclaircissant-350-g\/","title":{"rendered":"Nature Secr\u00e8te \u00e0 l&#8217;Huile de Carotte Savon Eclaircissant 350 g"},"content":{"rendered":"<p>Le savon \u00e9claircissant de la marque NATURE SECR\u00c8TE, \u00e0 base d&#8217;huile de carotte et \u00e0 la bave d&#8217;escargot. Il nettoie, exfolie et tonifie la peau. <\/p>","protected":false},"excerpt":{"rendered":"<p>Le savon \u00e9claircissant de la marque NATURE SECR\u00c8TE, \u00e0 base d&#8217;huile de carotte et \u00e0 la bave d&#8217;escargot. Il nettoie, exfolie et tonifie la peau.<\/p>","protected":false},"featured_media":1904,"comment_status":"open","ping_status":"closed","template":"","meta":[],"_links":{"self":[{"href":"https:\/\/glamoriya.com\/en\/wp-json\/wp\/v2\/product\/1902"}],"collection":[{"href":"https:\/\/glamoriya.com\/en\/wp-json\/wp\/v2\/product"}],"about":[{"href":"https:\/\/glamoriya.com\/en\/wp-json\/wp\/v2\/types\/product"}],"replies":[{"embeddable":true,"href":"https:\/\/glamoriya.com\/en\/wp-json\/wp\/v2\/comments?post=1902"}],"wp:featuredmedia":[{"embeddable":true,"href":"https:\/\/glamoriya.com\/en\/wp-json\/wp\/v2\/media\/1904"}],"wp:attachment":[{"href":"https:\/\/glamoriya.com\/en\/wp-json\/wp\/v2\/media?parent=1902"}],"curies":[{"name":"wp","href":"https:\/\/api.w.org\/{rel}","templated":true}]}}