{"id":1899,"date":"2021-12-17T20:57:07","date_gmt":"2021-12-17T19:57:07","guid":{"rendered":"https:\/\/glamoriya.com\/?post_type=product&#038;p=1899"},"modified":"2024-07-09T15:44:52","modified_gmt":"2024-07-09T13:44:52","slug":"nature-secrete-a-lhuile-dargan-savon-gommant-eclaircissant-350-g","status":"publish","type":"product","link":"https:\/\/glamoriya.com\/en\/product\/nature-secrete-a-lhuile-dargan-savon-gommant-eclaircissant-350-g\/","title":{"rendered":"Nature Secr\u00e8te \u00e0 l&#8217;Huile d&#8217;Argan Savon Gommant Eclaircissant 350 g"},"content":{"rendered":"<p>Le Savon Gommant Eclaircissant de Nature Secr\u00e8te \u00e9limine les peaux mortes et les points noires de votre peau. Il purifie consid\u00e9rablement votre peau. Vous retrouvez un peau plus douce et soyeuse en une application.<\/p>","protected":false},"excerpt":{"rendered":"<p>Le Savon Gommant Eclaircissant de Nature Secr\u00e8te \u00e9limine les peaux mortes et les points noires de votre peau. Il purifie consid\u00e9rablement votre peau. Vous retrouvez un peau plus douce et soyeuse en une application.<\/p>","protected":false},"featured_media":1901,"comment_status":"open","ping_status":"closed","template":"","meta":[],"_links":{"self":[{"href":"https:\/\/glamoriya.com\/en\/wp-json\/wp\/v2\/product\/1899"}],"collection":[{"href":"https:\/\/glamoriya.com\/en\/wp-json\/wp\/v2\/product"}],"about":[{"href":"https:\/\/glamoriya.com\/en\/wp-json\/wp\/v2\/types\/product"}],"replies":[{"embeddable":true,"href":"https:\/\/glamoriya.com\/en\/wp-json\/wp\/v2\/comments?post=1899"}],"wp:featuredmedia":[{"embeddable":true,"href":"https:\/\/glamoriya.com\/en\/wp-json\/wp\/v2\/media\/1901"}],"wp:attachment":[{"href":"https:\/\/glamoriya.com\/en\/wp-json\/wp\/v2\/media?parent=1899"}],"curies":[{"name":"wp","href":"https:\/\/api.w.org\/{rel}","templated":true}]}}