{"id":1896,"date":"2021-12-17T20:48:31","date_gmt":"2021-12-17T19:48:31","guid":{"rendered":"https:\/\/glamoriya.com\/?post_type=product&#038;p=1896"},"modified":"2021-12-17T20:48:32","modified_gmt":"2021-12-17T19:48:32","slug":"nature-secrete-a-lhuile-dargan-serum-eclaircissant-anti-age","status":"publish","type":"product","link":"https:\/\/glamoriya.com\/en\/product\/nature-secrete-a-lhuile-dargan-serum-eclaircissant-anti-age\/","title":{"rendered":"Nature Secr\u00e8te \u00e0 l&#8217;Huile d&#8217;Argan Serum Eclaircissant Anti-\u00c2ge"},"content":{"rendered":"<p>Cette s\u00e9rum de corps \u00e9claircissant enrichie \u00e0 l&#8217;huile d&#8217;argan de Nature Secr\u00e8te, permet \u00e0 votre peau de retrouver \u00e9clat et luminosit\u00e9. Elle att\u00e9nue rapidement les taches d&#8217;hyperpigmentation et aide \u00e0 pr\u00e9venir leur apparition. <\/p>\n<p>Sa formule est con\u00e7ue pour clarifier efficacement le teint gr\u00e2ce \u00e0 une synergie de plantes \u00e9claircissantes, tout en hydratant et en prot\u00e9geant votre peau avec sa haute teneur en huile pure d&#8217;argan. Vous retrouverez ainsi une peau douce, soyeuse et resplendissante.<\/p>","protected":false},"excerpt":{"rendered":"<p>Cette s\u00e9rum de corps \u00e9claircissant enrichie \u00e0 l&#8217;huile d&#8217;argan de Nature Secr\u00e8te, permet \u00e0 votre peau de retrouver \u00e9clat et luminosit\u00e9. Elle att\u00e9nue rapidement les taches d&#8217;hyperpigmentation et aide \u00e0 pr\u00e9venir leur apparition. Sa formule est con\u00e7ue pour clarifier efficacement le teint gr\u00e2ce \u00e0 une synergie de plantes \u00e9claircissantes, tout en hydratant et en prot\u00e9geant [&hellip;]<\/p>","protected":false},"featured_media":1898,"comment_status":"open","ping_status":"closed","template":"","meta":[],"_links":{"self":[{"href":"https:\/\/glamoriya.com\/en\/wp-json\/wp\/v2\/product\/1896"}],"collection":[{"href":"https:\/\/glamoriya.com\/en\/wp-json\/wp\/v2\/product"}],"about":[{"href":"https:\/\/glamoriya.com\/en\/wp-json\/wp\/v2\/types\/product"}],"replies":[{"embeddable":true,"href":"https:\/\/glamoriya.com\/en\/wp-json\/wp\/v2\/comments?post=1896"}],"wp:featuredmedia":[{"embeddable":true,"href":"https:\/\/glamoriya.com\/en\/wp-json\/wp\/v2\/media\/1898"}],"wp:attachment":[{"href":"https:\/\/glamoriya.com\/en\/wp-json\/wp\/v2\/media?parent=1896"}],"curies":[{"name":"wp","href":"https:\/\/api.w.org\/{rel}","templated":true}]}}