{"id":1893,"date":"2021-12-17T20:19:33","date_gmt":"2021-12-17T19:19:33","guid":{"rendered":"https:\/\/glamoriya.com\/?post_type=product&#038;p=1893"},"modified":"2021-12-17T20:19:33","modified_gmt":"2021-12-17T19:19:33","slug":"nature-secrete-a-lhuile-dargan-lait-eclaircissant-350-ml","status":"publish","type":"product","link":"https:\/\/glamoriya.com\/en\/product\/nature-secrete-a-lhuile-dargan-lait-eclaircissant-350-ml\/","title":{"rendered":"Nature Secr\u00e8te \u00e0 l&#8217;Huile d&#8217;Argan Lait Eclaircissant 350 ml"},"content":{"rendered":"<p>Le lait Nature Secr\u00e8te \u00e0 l&#8217;huile d&#8217;Argan a \u00e9t\u00e9 con\u00e7u pour donner \u00e0 la peau un teint nettement plus \u00e9clatant, plus lumineux, il att\u00e9nue tr\u00e8s rapidement vos taches d&#8217;hyperpigmentation et aide \u00e0 pr\u00e9venir leur apparition.<\/p>\n<p>Sa formule concentr\u00e9e en huile d&#8217;Argan agi en douceur et efficacement pour unifier et clarifier le teint.<\/p>\n<p>Enrichi d&#8217;extraits de plantes \u00e9claircissantes, le lait Nature Secret \u00e0 l&#8217;huile d&#8217;Argan hydrate, prot\u00e8ge et permet \u00e0 votre peau de conserver toute son \u00e9lasticit\u00e9 sans laisser de film gras.<\/p>\n<p>Il laisse votre peau soyeuse, douce au toucher et \u00e9clatante de beaut\u00e9 en lui offrant une agr\u00e9able sensation de fra\u00eecheur.<\/p>","protected":false},"excerpt":{"rendered":"<p>Le lait Nature Secr\u00e8te \u00e0 l&#8217;huile d&#8217;Argan a \u00e9t\u00e9 con\u00e7u pour donner \u00e0 la peau un teint nettement plus \u00e9clatant, plus lumineux, il att\u00e9nue tr\u00e8s rapidement vos taches d&#8217;hyperpigmentation et aide \u00e0 pr\u00e9venir leur apparition. Sa formule concentr\u00e9e en huile d&#8217;Argan agi en douceur et efficacement pour unifier et clarifier le teint. Enrichi d&#8217;extraits de [&hellip;]<\/p>","protected":false},"featured_media":1894,"comment_status":"open","ping_status":"closed","template":"","meta":[],"_links":{"self":[{"href":"https:\/\/glamoriya.com\/en\/wp-json\/wp\/v2\/product\/1893"}],"collection":[{"href":"https:\/\/glamoriya.com\/en\/wp-json\/wp\/v2\/product"}],"about":[{"href":"https:\/\/glamoriya.com\/en\/wp-json\/wp\/v2\/types\/product"}],"replies":[{"embeddable":true,"href":"https:\/\/glamoriya.com\/en\/wp-json\/wp\/v2\/comments?post=1893"}],"wp:featuredmedia":[{"embeddable":true,"href":"https:\/\/glamoriya.com\/en\/wp-json\/wp\/v2\/media\/1894"}],"wp:attachment":[{"href":"https:\/\/glamoriya.com\/en\/wp-json\/wp\/v2\/media?parent=1893"}],"curies":[{"name":"wp","href":"https:\/\/api.w.org\/{rel}","templated":true}]}}