{"id":1890,"date":"2021-12-17T19:42:44","date_gmt":"2021-12-17T18:42:44","guid":{"rendered":"https:\/\/glamoriya.com\/?post_type=product&#038;p=1890"},"modified":"2025-05-19T18:31:59","modified_gmt":"2025-05-19T16:31:59","slug":"nature-secrete-a-lhuile-dargan-creme-de-visage-40-g","status":"publish","type":"product","link":"https:\/\/glamoriya.com\/en\/product\/nature-secrete-a-lhuile-dargan-creme-de-visage-40-g\/","title":{"rendered":"Nature Secr\u00e8te \u00e0 l&#8217;Huile d&#8217;Argan Cr\u00e8me de Visage 40 g"},"content":{"rendered":"<p>La cr\u00e8me de visage \u00e0 l&#8217;huile d&#8217;argan et \u00e0 la bave d&#8217;escargot de Nature Secr\u00e8te. Ce sont des principes actifs naturels de ginseng, une plante d&#8217;origine asiatique combin\u00e9e \u00e0 un complexe exfoliant aquatique, sans hydroquinone, pour une peau nette sans taches, ni boutons et \u00e9claircie.<\/p>","protected":false},"excerpt":{"rendered":"<p>La cr\u00e8me de visage \u00e0 l&#8217;huile d&#8217;argan et \u00e0 la bave d&#8217;escargot de Nature Secr\u00e8te. Ce sont des principes actifs naturels de ginseng, une plante d&#8217;origine asiatique combin\u00e9e \u00e0 un complexe exfoliant aquatique, sans hydroquinone, pour une peau nette sans taches, ni boutons et \u00e9claircie.<\/p>","protected":false},"featured_media":1892,"comment_status":"open","ping_status":"closed","template":"","meta":[],"_links":{"self":[{"href":"https:\/\/glamoriya.com\/en\/wp-json\/wp\/v2\/product\/1890"}],"collection":[{"href":"https:\/\/glamoriya.com\/en\/wp-json\/wp\/v2\/product"}],"about":[{"href":"https:\/\/glamoriya.com\/en\/wp-json\/wp\/v2\/types\/product"}],"replies":[{"embeddable":true,"href":"https:\/\/glamoriya.com\/en\/wp-json\/wp\/v2\/comments?post=1890"}],"wp:featuredmedia":[{"embeddable":true,"href":"https:\/\/glamoriya.com\/en\/wp-json\/wp\/v2\/media\/1892"}],"wp:attachment":[{"href":"https:\/\/glamoriya.com\/en\/wp-json\/wp\/v2\/media?parent=1890"}],"curies":[{"name":"wp","href":"https:\/\/api.w.org\/{rel}","templated":true}]}}