{"id":1886,"date":"2021-12-17T15:11:46","date_gmt":"2021-12-17T14:11:46","guid":{"rendered":"https:\/\/glamoriya.com\/?post_type=product&#038;p=1886"},"modified":"2025-05-19T13:21:03","modified_gmt":"2025-05-19T11:21:03","slug":"sivoderm-creme-de-beaute-180-ml","status":"publish","type":"product","link":"https:\/\/glamoriya.com\/en\/product\/sivoderm-creme-de-beaute-180-ml\/","title":{"rendered":"Sivoderm Cr\u00e8me de Beaut\u00e9 180 ml"},"content":{"rendered":"<p>La cr\u00e8me de beaut\u00e9 de la marque SIVODERM, enrichie en vitamine E. Ses principes antiseptiques d\u00e9barrasse votre peau des impuret\u00e9s et la prot\u00e8ge des agression ext\u00e9rieurs. <\/p>","protected":false},"excerpt":{"rendered":"<p>La cr\u00e8me de beaut\u00e9 de la marque SIVODERM, enrichie en vitamine E. Ses principes antiseptiques d\u00e9barrasse votre peau des impuret\u00e9s et la prot\u00e8ge des agression ext\u00e9rieurs.<\/p>","protected":false},"featured_media":1887,"comment_status":"open","ping_status":"closed","template":"","meta":[],"_links":{"self":[{"href":"https:\/\/glamoriya.com\/en\/wp-json\/wp\/v2\/product\/1886"}],"collection":[{"href":"https:\/\/glamoriya.com\/en\/wp-json\/wp\/v2\/product"}],"about":[{"href":"https:\/\/glamoriya.com\/en\/wp-json\/wp\/v2\/types\/product"}],"replies":[{"embeddable":true,"href":"https:\/\/glamoriya.com\/en\/wp-json\/wp\/v2\/comments?post=1886"}],"wp:featuredmedia":[{"embeddable":true,"href":"https:\/\/glamoriya.com\/en\/wp-json\/wp\/v2\/media\/1887"}],"wp:attachment":[{"href":"https:\/\/glamoriya.com\/en\/wp-json\/wp\/v2\/media?parent=1886"}],"curies":[{"name":"wp","href":"https:\/\/api.w.org\/{rel}","templated":true}]}}