{"id":1881,"date":"2021-12-17T15:01:49","date_gmt":"2021-12-17T14:01:49","guid":{"rendered":"https:\/\/glamoriya.com\/?post_type=product&#038;p=1881"},"modified":"2021-12-17T15:03:01","modified_gmt":"2021-12-17T14:03:01","slug":"sivoderm-lotion-purifiante-220-ml","status":"publish","type":"product","link":"https:\/\/glamoriya.com\/en\/product\/sivoderm-lotion-purifiante-220-ml\/","title":{"rendered":"Sivoderm Lotion Purifiante 220 ml"},"content":{"rendered":"<p>La lotion purifiante de la marque SIVODERM, elle nettoie en profondeur et \u00e9limine les impuret\u00e9s que ce soit les boutons, taches et acn\u00e9s. Elle rafra\u00eechit et revitalise votre peau.<\/p>","protected":false},"excerpt":{"rendered":"<p>La lotion purifiante de la marque SIVODERM, elle nettoie en profondeur et \u00e9limine les impuret\u00e9s que ce soit les boutons, taches et acn\u00e9s. Elle rafra\u00eechit et revitalise votre peau.<\/p>","protected":false},"featured_media":1885,"comment_status":"open","ping_status":"closed","template":"","meta":[],"_links":{"self":[{"href":"https:\/\/glamoriya.com\/en\/wp-json\/wp\/v2\/product\/1881"}],"collection":[{"href":"https:\/\/glamoriya.com\/en\/wp-json\/wp\/v2\/product"}],"about":[{"href":"https:\/\/glamoriya.com\/en\/wp-json\/wp\/v2\/types\/product"}],"replies":[{"embeddable":true,"href":"https:\/\/glamoriya.com\/en\/wp-json\/wp\/v2\/comments?post=1881"}],"wp:featuredmedia":[{"embeddable":true,"href":"https:\/\/glamoriya.com\/en\/wp-json\/wp\/v2\/media\/1885"}],"wp:attachment":[{"href":"https:\/\/glamoriya.com\/en\/wp-json\/wp\/v2\/media?parent=1881"}],"curies":[{"name":"wp","href":"https:\/\/api.w.org\/{rel}","templated":true}]}}