{"id":1871,"date":"2021-12-17T11:51:09","date_gmt":"2021-12-17T10:51:09","guid":{"rendered":"https:\/\/glamoriya.com\/?post_type=product&#038;p=1871"},"modified":"2025-05-19T08:03:26","modified_gmt":"2025-05-19T06:03:26","slug":"sivoderm-gommage-eclat-200-ml","status":"publish","type":"product","link":"https:\/\/glamoriya.com\/en\/product\/sivoderm-gommage-eclat-200-ml\/","title":{"rendered":"Sivoderm Gommage Eclat 200 ml"},"content":{"rendered":"<p>Ce soin \u00e9limine toutes les impuret\u00e9s sur la peau et ralentit le vieillissement cutan\u00e9e tout en la laissant plus jeune et hydrat\u00e9e.<\/p>","protected":false},"excerpt":{"rendered":"<p>Ce soin \u00e9limine toutes les impuret\u00e9s sur la peau et ralentit le vieillissement cutan\u00e9e tout en la laissant plus jeune et hydrat\u00e9e.<\/p>","protected":false},"featured_media":1873,"comment_status":"open","ping_status":"closed","template":"","meta":[],"_links":{"self":[{"href":"https:\/\/glamoriya.com\/en\/wp-json\/wp\/v2\/product\/1871"}],"collection":[{"href":"https:\/\/glamoriya.com\/en\/wp-json\/wp\/v2\/product"}],"about":[{"href":"https:\/\/glamoriya.com\/en\/wp-json\/wp\/v2\/types\/product"}],"replies":[{"embeddable":true,"href":"https:\/\/glamoriya.com\/en\/wp-json\/wp\/v2\/comments?post=1871"}],"wp:featuredmedia":[{"embeddable":true,"href":"https:\/\/glamoriya.com\/en\/wp-json\/wp\/v2\/media\/1873"}],"wp:attachment":[{"href":"https:\/\/glamoriya.com\/en\/wp-json\/wp\/v2\/media?parent=1871"}],"curies":[{"name":"wp","href":"https:\/\/api.w.org\/{rel}","templated":true}]}}