{"id":1870,"date":"2021-12-17T11:44:00","date_gmt":"2021-12-17T10:44:00","guid":{"rendered":"https:\/\/glamoriya.com\/?post_type=product&#038;p=1870"},"modified":"2021-12-17T11:44:00","modified_gmt":"2021-12-17T10:44:00","slug":"sivoderm-pommade-de-soin-80-g","status":"publish","type":"product","link":"https:\/\/glamoriya.com\/en\/product\/sivoderm-pommade-de-soin-80-g\/","title":{"rendered":"Sivoderm Pommade de Soin 80 g"},"content":{"rendered":"<p>Ce soin traite efficacement les affections externes de la peau en la  d\u00e9sincrustant de toutes ses impuret\u00e9s. Il peut \u00eatre utilis\u00e9 en cas  d&#8217;acn\u00e9s,  de d\u00e9mangeaisons et d&#8217;ecz\u00e9ma. Selon la sensibilit\u00e9 de la peau , il est n\u00e9cessaire de le diluer avec de la vaseline, pour \u00e9viter les risques d&#8217;irritations s\u00e9v\u00e8res. De plus, il \u00e9limine les cellules mortes , affine le grain de la peau et aide les cellules se renouveler. Au fil des semaines, la peau retrouve douceur et \u00e9clat.<\/p>","protected":false},"excerpt":{"rendered":"<p>Ce soin traite efficacement les affections externes de la peau en la d\u00e9sincrustant de toutes ses impuret\u00e9s. Il peut \u00eatre utilis\u00e9 en cas d&#8217;acn\u00e9s, de d\u00e9mangeaisons et d&#8217;ecz\u00e9ma. Selon la sensibilit\u00e9 de la peau , il est n\u00e9cessaire de le diluer avec de la vaseline, pour \u00e9viter les risques d&#8217;irritations s\u00e9v\u00e8res. De plus, il \u00e9limine [&hellip;]<\/p>","protected":false},"featured_media":1868,"comment_status":"open","ping_status":"closed","template":"","meta":[],"_links":{"self":[{"href":"https:\/\/glamoriya.com\/en\/wp-json\/wp\/v2\/product\/1870"}],"collection":[{"href":"https:\/\/glamoriya.com\/en\/wp-json\/wp\/v2\/product"}],"about":[{"href":"https:\/\/glamoriya.com\/en\/wp-json\/wp\/v2\/types\/product"}],"replies":[{"embeddable":true,"href":"https:\/\/glamoriya.com\/en\/wp-json\/wp\/v2\/comments?post=1870"}],"wp:featuredmedia":[{"embeddable":true,"href":"https:\/\/glamoriya.com\/en\/wp-json\/wp\/v2\/media\/1868"}],"wp:attachment":[{"href":"https:\/\/glamoriya.com\/en\/wp-json\/wp\/v2\/media?parent=1870"}],"curies":[{"name":"wp","href":"https:\/\/api.w.org\/{rel}","templated":true}]}}