{"id":1864,"date":"2021-12-17T11:36:14","date_gmt":"2021-12-17T10:36:14","guid":{"rendered":"https:\/\/glamoriya.com\/?post_type=product&#038;p=1864"},"modified":"2021-12-17T11:40:04","modified_gmt":"2021-12-17T10:40:04","slug":"sivoderm-creme-de-soin-25-g","status":"publish","type":"product","link":"https:\/\/glamoriya.com\/en\/product\/sivoderm-creme-de-soin-25-g\/","title":{"rendered":"Sivoderm Cr\u00e8me de Soin 25 g"},"content":{"rendered":"<p>La cr\u00e8me SIVODERM traite les skin affections externes, en enlevant toutes les impuret\u00e9s. Peut \u00eatre utilis\u00e9 dans de nombreux cas d\u2019affections de la peau: acn\u00e9, points noirs, ecz\u00e9ma, spasmes, cro\u00fbtes, champignons, d\u00e9mangeaisons de la peau et les pieds.<br \/>\nLa cr\u00e8me enl\u00e8ve la peau de toutes les imperfections et lutte contre l\u2019acn\u00e9, les points noirs, les ecz\u00e9mas, les spasmes, les cro\u00fbtes, les champignons, les d\u00e9mangeaisons de la peau et les pieds.<\/p>","protected":false},"excerpt":{"rendered":"<p>La cr\u00e8me SIVODERM traite les skin affections externes, en enlevant toutes les impuret\u00e9s. Peut \u00eatre utilis\u00e9 dans de nombreux cas d\u2019affections de la peau: acn\u00e9, points noirs, ecz\u00e9ma, spasmes, cro\u00fbtes, champignons, d\u00e9mangeaisons de la peau et les pieds. La cr\u00e8me enl\u00e8ve la peau de toutes les imperfections et lutte contre l\u2019acn\u00e9, les points noirs, les [&hellip;]<\/p>","protected":false},"featured_media":1869,"comment_status":"open","ping_status":"closed","template":"","meta":[],"_links":{"self":[{"href":"https:\/\/glamoriya.com\/en\/wp-json\/wp\/v2\/product\/1864"}],"collection":[{"href":"https:\/\/glamoriya.com\/en\/wp-json\/wp\/v2\/product"}],"about":[{"href":"https:\/\/glamoriya.com\/en\/wp-json\/wp\/v2\/types\/product"}],"replies":[{"embeddable":true,"href":"https:\/\/glamoriya.com\/en\/wp-json\/wp\/v2\/comments?post=1864"}],"wp:featuredmedia":[{"embeddable":true,"href":"https:\/\/glamoriya.com\/en\/wp-json\/wp\/v2\/media\/1869"}],"wp:attachment":[{"href":"https:\/\/glamoriya.com\/en\/wp-json\/wp\/v2\/media?parent=1864"}],"curies":[{"name":"wp","href":"https:\/\/api.w.org\/{rel}","templated":true}]}}