{"id":1857,"date":"2021-12-16T22:06:29","date_gmt":"2021-12-16T21:06:29","guid":{"rendered":"https:\/\/glamoriya.com\/?post_type=product&#038;p=1857"},"modified":"2021-12-16T22:06:29","modified_gmt":"2021-12-16T21:06:29","slug":"fair-white-savon-gold-200-g","status":"publish","type":"product","link":"https:\/\/glamoriya.com\/en\/product\/fair-white-savon-gold-200-g\/","title":{"rendered":"Fair &#038; White Savon Gold 200 g"},"content":{"rendered":"<p>Le Fair And White Gold Savon Exfoliant est un savon r\u00e9g\u00e9n\u00e9rant et adoucissant alli\u00e9 indispensable de la toilette quotidienne, ce savon au paillettes dor\u00e9es et noyaux d\u2019abricots subtilement exfoliants nettoie parfaitement et lisse la peau en un seul geste.<\/p>","protected":false},"excerpt":{"rendered":"<p>Le Fair And White Gold Savon Exfoliant est un savon r\u00e9g\u00e9n\u00e9rant et adoucissant alli\u00e9 indispensable de la toilette quotidienne, ce savon au paillettes dor\u00e9es et noyaux d\u2019abricots subtilement exfoliants nettoie parfaitement et lisse la peau en un seul geste.<\/p>","protected":false},"featured_media":1858,"comment_status":"open","ping_status":"closed","template":"","meta":[],"_links":{"self":[{"href":"https:\/\/glamoriya.com\/en\/wp-json\/wp\/v2\/product\/1857"}],"collection":[{"href":"https:\/\/glamoriya.com\/en\/wp-json\/wp\/v2\/product"}],"about":[{"href":"https:\/\/glamoriya.com\/en\/wp-json\/wp\/v2\/types\/product"}],"replies":[{"embeddable":true,"href":"https:\/\/glamoriya.com\/en\/wp-json\/wp\/v2\/comments?post=1857"}],"wp:featuredmedia":[{"embeddable":true,"href":"https:\/\/glamoriya.com\/en\/wp-json\/wp\/v2\/media\/1858"}],"wp:attachment":[{"href":"https:\/\/glamoriya.com\/en\/wp-json\/wp\/v2\/media?parent=1857"}],"curies":[{"name":"wp","href":"https:\/\/api.w.org\/{rel}","templated":true}]}}