{"id":1851,"date":"2021-12-16T21:08:40","date_gmt":"2021-12-16T20:08:40","guid":{"rendered":"https:\/\/glamoriya.com\/?post_type=product&#038;p=1851"},"modified":"2024-07-09T15:46:29","modified_gmt":"2024-07-09T13:46:29","slug":"fair-white-energy-fresh-original-lemon-gel-douche-940-ml","status":"publish","type":"product","link":"https:\/\/glamoriya.com\/en\/product\/fair-white-energy-fresh-original-lemon-gel-douche-940-ml\/","title":{"rendered":"Fair &#038; White Energy Fresh Original Lemon Gel Douche 940 ml"},"content":{"rendered":"<p>&#8211; Sa mousse tonique au parfum ultra-frais et acidul\u00e9 nettoie et revitalise la peau.<br \/>\n&#8211; Purifie, offre un effet peeling, \u00e9limine les cellules mortes et impuret\u00e9s et affine le grain de peau.<br \/>\n&#8211; Avec extraits de citrons aux vertus stimulantes. Une sensation de fra\u00eecheur imm\u00e9diate pour apporter tonus et vitalit\u00e9 et laisser la peau infiniment douce et fra\u00eeche.<\/p>","protected":false},"excerpt":{"rendered":"<p>&#8211; Sa mousse tonique au parfum ultra-frais et acidul\u00e9 nettoie et revitalise la peau. &#8211; Purifie, offre un effet peeling, \u00e9limine les cellules mortes et impuret\u00e9s et affine le grain de peau. &#8211; Avec extraits de citrons aux vertus stimulantes. Une sensation de fra\u00eecheur imm\u00e9diate pour apporter tonus et vitalit\u00e9 et laisser la peau infiniment [&hellip;]<\/p>","protected":false},"featured_media":1852,"comment_status":"open","ping_status":"closed","template":"","meta":[],"_links":{"self":[{"href":"https:\/\/glamoriya.com\/en\/wp-json\/wp\/v2\/product\/1851"}],"collection":[{"href":"https:\/\/glamoriya.com\/en\/wp-json\/wp\/v2\/product"}],"about":[{"href":"https:\/\/glamoriya.com\/en\/wp-json\/wp\/v2\/types\/product"}],"replies":[{"embeddable":true,"href":"https:\/\/glamoriya.com\/en\/wp-json\/wp\/v2\/comments?post=1851"}],"wp:featuredmedia":[{"embeddable":true,"href":"https:\/\/glamoriya.com\/en\/wp-json\/wp\/v2\/media\/1852"}],"wp:attachment":[{"href":"https:\/\/glamoriya.com\/en\/wp-json\/wp\/v2\/media?parent=1851"}],"curies":[{"name":"wp","href":"https:\/\/api.w.org\/{rel}","templated":true}]}}