{"id":1849,"date":"2021-12-16T20:58:28","date_gmt":"2021-12-16T19:58:28","guid":{"rendered":"https:\/\/glamoriya.com\/?post_type=product&#038;p=1849"},"modified":"2024-07-09T15:47:09","modified_gmt":"2024-07-09T13:47:09","slug":"fair-white-so-white-gel-douche-gommage-tonique-940-ml","status":"publish","type":"product","link":"https:\/\/glamoriya.com\/en\/product\/fair-white-so-white-gel-douche-gommage-tonique-940-ml\/","title":{"rendered":"Fair &#038; White So White Gel Douche Gommage Tonique 940 ml"},"content":{"rendered":"<p>La mousse g\u00e9n\u00e9reuse au parfum revitalisant de gel douche Fair &#038; White nettoie parfaitement la peau, tout en \u00e9liminant les cellules mortes et affinant le grain de peau. Jour apr\u00e8s jour, il r\u00e9veille le teint, satine, adoucit la peau.<\/p>","protected":false},"excerpt":{"rendered":"<p>La mousse g\u00e9n\u00e9reuse au parfum revitalisant de gel douche Fair &#038; White nettoie parfaitement la peau, tout en \u00e9liminant les cellules mortes et affinant le grain de peau. Jour apr\u00e8s jour, il r\u00e9veille le teint, satine, adoucit la peau.<\/p>","protected":false},"featured_media":1850,"comment_status":"open","ping_status":"closed","template":"","meta":[],"_links":{"self":[{"href":"https:\/\/glamoriya.com\/en\/wp-json\/wp\/v2\/product\/1849"}],"collection":[{"href":"https:\/\/glamoriya.com\/en\/wp-json\/wp\/v2\/product"}],"about":[{"href":"https:\/\/glamoriya.com\/en\/wp-json\/wp\/v2\/types\/product"}],"replies":[{"embeddable":true,"href":"https:\/\/glamoriya.com\/en\/wp-json\/wp\/v2\/comments?post=1849"}],"wp:featuredmedia":[{"embeddable":true,"href":"https:\/\/glamoriya.com\/en\/wp-json\/wp\/v2\/media\/1850"}],"wp:attachment":[{"href":"https:\/\/glamoriya.com\/en\/wp-json\/wp\/v2\/media?parent=1849"}],"curies":[{"name":"wp","href":"https:\/\/api.w.org\/{rel}","templated":true}]}}