{"id":1844,"date":"2021-12-16T18:59:12","date_gmt":"2021-12-16T17:59:12","guid":{"rendered":"https:\/\/glamoriya.com\/?post_type=product&#038;p=1844"},"modified":"2025-05-19T05:47:56","modified_gmt":"2025-05-19T03:47:56","slug":"eco-styler-gel-coiffant-a-lhuile-de-ricin-noire-236-ml","status":"publish","type":"product","link":"https:\/\/glamoriya.com\/en\/product\/eco-styler-gel-coiffant-a-lhuile-de-ricin-noire-236-ml\/","title":{"rendered":"Eco Styler Gel Coiffant \u00e0 l&#8217;Huile de Ricin Noire 236 ml"},"content":{"rendered":"<p>Eco Styler Gel \u00e0 l\u2019huile de ricin noire a \u00e9t\u00e9 con\u00e7u pour les cheveux ondul\u00e9s et boucl\u00e9s. Formul\u00e9 \u00e0 base d\u2019huile de ricin noire, ce gel hydrate en profondeur vos cheveux et par la m\u00eame occasion stimule la pousse du cheveu.<\/p>\n<p>Il permet \u00e9galement de fixer votre coiffure tout au long de la journ\u00e9e.<\/p>","protected":false},"excerpt":{"rendered":"<p>Eco Styler Gel \u00e0 l\u2019huile de ricin noire a \u00e9t\u00e9 con\u00e7u pour les cheveux ondul\u00e9s et boucl\u00e9s. Formul\u00e9 \u00e0 base d\u2019huile de ricin noire, ce gel hydrate en profondeur vos cheveux et par la m\u00eame occasion stimule la pousse du cheveu. Il permet \u00e9galement de fixer votre coiffure tout au long de la journ\u00e9e.<\/p>","protected":false},"featured_media":1841,"comment_status":"open","ping_status":"closed","template":"","meta":[],"_links":{"self":[{"href":"https:\/\/glamoriya.com\/en\/wp-json\/wp\/v2\/product\/1844"}],"collection":[{"href":"https:\/\/glamoriya.com\/en\/wp-json\/wp\/v2\/product"}],"about":[{"href":"https:\/\/glamoriya.com\/en\/wp-json\/wp\/v2\/types\/product"}],"replies":[{"embeddable":true,"href":"https:\/\/glamoriya.com\/en\/wp-json\/wp\/v2\/comments?post=1844"}],"wp:featuredmedia":[{"embeddable":true,"href":"https:\/\/glamoriya.com\/en\/wp-json\/wp\/v2\/media\/1841"}],"wp:attachment":[{"href":"https:\/\/glamoriya.com\/en\/wp-json\/wp\/v2\/media?parent=1844"}],"curies":[{"name":"wp","href":"https:\/\/api.w.org\/{rel}","templated":true}]}}