{"id":1839,"date":"2021-12-15T22:55:52","date_gmt":"2021-12-15T21:55:52","guid":{"rendered":"https:\/\/glamoriya.com\/?post_type=product&#038;p=1839"},"modified":"2024-07-09T15:49:47","modified_gmt":"2024-07-09T13:49:47","slug":"eco-styler-gel-coiffant-a-lhuile-de-ricin-noire-946-ml","status":"publish","type":"product","link":"https:\/\/glamoriya.com\/en\/product\/eco-styler-gel-coiffant-a-lhuile-de-ricin-noire-946-ml\/","title":{"rendered":"Eco Styler Gel Coiffant \u00e0 l&#8217;Huile de Ricin Noire 946 ml"},"content":{"rendered":"<p>Eco Styler Gel \u00e0 l&#8217;huile de ricin noire a \u00e9t\u00e9 con\u00e7u pour les cheveux ondul\u00e9s et boucl\u00e9s. Formul\u00e9 \u00e0 base d&#8217;huile de ricin noire, ce gel hydrate en profondeur vos cheveux et par la m\u00eame occasion stimule la pousse du cheveu.<\/p>\n<p>Il permet \u00e9galement de fixer votre coiffure tout au long de la journ\u00e9e.<\/p>","protected":false},"excerpt":{"rendered":"<p>Eco Styler Gel \u00e0 l&#8217;huile de ricin noire a \u00e9t\u00e9 con\u00e7u pour les cheveux ondul\u00e9s et boucl\u00e9s. Formul\u00e9 \u00e0 base d&#8217;huile de ricin noire, ce gel hydrate en profondeur vos cheveux et par la m\u00eame occasion stimule la pousse du cheveu. Il permet \u00e9galement de fixer votre coiffure tout au long de la journ\u00e9e.<\/p>","protected":false},"featured_media":1833,"comment_status":"open","ping_status":"closed","template":"","meta":[],"_links":{"self":[{"href":"https:\/\/glamoriya.com\/en\/wp-json\/wp\/v2\/product\/1839"}],"collection":[{"href":"https:\/\/glamoriya.com\/en\/wp-json\/wp\/v2\/product"}],"about":[{"href":"https:\/\/glamoriya.com\/en\/wp-json\/wp\/v2\/types\/product"}],"replies":[{"embeddable":true,"href":"https:\/\/glamoriya.com\/en\/wp-json\/wp\/v2\/comments?post=1839"}],"wp:featuredmedia":[{"embeddable":true,"href":"https:\/\/glamoriya.com\/en\/wp-json\/wp\/v2\/media\/1833"}],"wp:attachment":[{"href":"https:\/\/glamoriya.com\/en\/wp-json\/wp\/v2\/media?parent=1839"}],"curies":[{"name":"wp","href":"https:\/\/api.w.org\/{rel}","templated":true}]}}