{"id":1838,"date":"2021-12-15T22:47:22","date_gmt":"2021-12-15T21:47:22","guid":{"rendered":"https:\/\/glamoriya.com\/?post_type=product&#038;p=1838"},"modified":"2025-05-19T15:25:10","modified_gmt":"2025-05-19T13:25:10","slug":"eco-styler-gel-coiffant-a-lhuile-dargan-236-ml","status":"publish","type":"product","link":"https:\/\/glamoriya.com\/en\/product\/eco-styler-gel-coiffant-a-lhuile-dargan-236-ml\/","title":{"rendered":"Eco Styler Gel Coiffant \u00e0 l&#8217;Huile d&#8217;Argan 236 ml"},"content":{"rendered":"<p>Eco Styler Gel Coiffant \u00e0 l&#8217;Huile d&#8217;Argan a \u00e9t\u00e9 formul\u00e9 pour les cheveux ondul\u00e9s et boucl\u00e9s. Enrichi en huile d&#8217;argan, ce gel hydrate en profondeur vos cheveux et par la m\u00eame occasion d\u00e9fini vos boucles.<\/p>\n<p>Il permet \u00e9galement de fixer votre coiffure tout au long de la journ\u00e9e.<\/p>","protected":false},"excerpt":{"rendered":"<p>Eco Styler Gel Coiffant \u00e0 l&#8217;Huile d&#8217;Argan a \u00e9t\u00e9 formul\u00e9 pour les cheveux ondul\u00e9s et boucl\u00e9s. Enrichi en huile d&#8217;argan, ce gel hydrate en profondeur vos cheveux et par la m\u00eame occasion d\u00e9fini vos boucles. Il permet \u00e9galement de fixer votre coiffure tout au long de la journ\u00e9e.<\/p>","protected":false},"featured_media":1834,"comment_status":"open","ping_status":"closed","template":"","meta":[],"_links":{"self":[{"href":"https:\/\/glamoriya.com\/en\/wp-json\/wp\/v2\/product\/1838"}],"collection":[{"href":"https:\/\/glamoriya.com\/en\/wp-json\/wp\/v2\/product"}],"about":[{"href":"https:\/\/glamoriya.com\/en\/wp-json\/wp\/v2\/types\/product"}],"replies":[{"embeddable":true,"href":"https:\/\/glamoriya.com\/en\/wp-json\/wp\/v2\/comments?post=1838"}],"wp:featuredmedia":[{"embeddable":true,"href":"https:\/\/glamoriya.com\/en\/wp-json\/wp\/v2\/media\/1834"}],"wp:attachment":[{"href":"https:\/\/glamoriya.com\/en\/wp-json\/wp\/v2\/media?parent=1838"}],"curies":[{"name":"wp","href":"https:\/\/api.w.org\/{rel}","templated":true}]}}