{"id":1832,"date":"2021-12-15T22:41:24","date_gmt":"2021-12-15T21:41:24","guid":{"rendered":"https:\/\/glamoriya.com\/?post_type=product&#038;p=1832"},"modified":"2024-07-09T15:50:21","modified_gmt":"2024-07-09T13:50:21","slug":"eco-styler-gel-coiffant-a-base-dhuile-dolive-236-ml","status":"publish","type":"product","link":"https:\/\/glamoriya.com\/en\/product\/eco-styler-gel-coiffant-a-base-dhuile-dolive-236-ml\/","title":{"rendered":"Eco Styler Gel Coiffant \u00e0 base d&#8217;Huile d&#8217;Olive 236 ml"},"content":{"rendered":"<p>Eco Styler Gel \u00e0 base d&#8217;huile d&#8217;olive, p\u00e9n\u00e8tre intens\u00e9ment vos cheveux pour les nourrir et les hydrater. Ce gel comme les autres gels de la marque Eco Styler contient une protection anti-UV qui permet de limiter les effets nocifs du soleil sur les cheveux.<br \/>\nCe gel permet \u00e9galement de d\u00e9finir et de fixer votre coiffure.<\/p>","protected":false},"excerpt":{"rendered":"<p>Eco Styler Gel \u00e0 base d&#8217;huile d&#8217;olive, p\u00e9n\u00e8tre intens\u00e9ment vos cheveux pour les nourrir et les hydrater. Ce gel comme les autres gels de la marque Eco Styler contient une protection anti-UV qui permet de limiter les effets nocifs du soleil sur les cheveux. Ce gel permet \u00e9galement de d\u00e9finir et de fixer votre coiffure.<\/p>","protected":false},"featured_media":1627,"comment_status":"open","ping_status":"closed","template":"","meta":[],"_links":{"self":[{"href":"https:\/\/glamoriya.com\/en\/wp-json\/wp\/v2\/product\/1832"}],"collection":[{"href":"https:\/\/glamoriya.com\/en\/wp-json\/wp\/v2\/product"}],"about":[{"href":"https:\/\/glamoriya.com\/en\/wp-json\/wp\/v2\/types\/product"}],"replies":[{"embeddable":true,"href":"https:\/\/glamoriya.com\/en\/wp-json\/wp\/v2\/comments?post=1832"}],"wp:featuredmedia":[{"embeddable":true,"href":"https:\/\/glamoriya.com\/en\/wp-json\/wp\/v2\/media\/1627"}],"wp:attachment":[{"href":"https:\/\/glamoriya.com\/en\/wp-json\/wp\/v2\/media?parent=1832"}],"curies":[{"name":"wp","href":"https:\/\/api.w.org\/{rel}","templated":true}]}}