{"id":1821,"date":"2021-12-14T13:08:06","date_gmt":"2021-12-14T12:08:06","guid":{"rendered":"https:\/\/glamoriya.com\/?post_type=product&#038;p=1821"},"modified":"2024-07-09T15:51:09","modified_gmt":"2024-07-09T13:51:09","slug":"secret-dafrique-lotion-beurre-de-karite-500-ml","status":"publish","type":"product","link":"https:\/\/glamoriya.com\/en\/product\/secret-dafrique-lotion-beurre-de-karite-500-ml\/","title":{"rendered":"Secret d&#8217;Afrique Lotion Beurre de Karit\u00e9 500 ml"},"content":{"rendered":"<p>Le lait hydratant Secret D&#8217;Afrique est un lait pour mains et corps enrichi en beurre de Karit\u00e9. Le lait hydratant Secret D&#8217;Afrique, nourrit et hydrate les peaux s\u00e8ches en profondeur. Sa formule ne contient ni sulfate ni parab\u00e8ne et son application laisse la peau douce et ne laisse aucun fini gras.<\/p>","protected":false},"excerpt":{"rendered":"<p>Le lait hydratant Secret D&#8217;Afrique est un lait pour mains et corps enrichi en beurre de Karit\u00e9. Le lait hydratant Secret D&#8217;Afrique, nourrit et hydrate les peaux s\u00e8ches en profondeur. Sa formule ne contient ni sulfate ni parab\u00e8ne et son application laisse la peau douce et ne laisse aucun fini gras.<\/p>","protected":false},"featured_media":1828,"comment_status":"open","ping_status":"closed","template":"","meta":[],"_links":{"self":[{"href":"https:\/\/glamoriya.com\/en\/wp-json\/wp\/v2\/product\/1821"}],"collection":[{"href":"https:\/\/glamoriya.com\/en\/wp-json\/wp\/v2\/product"}],"about":[{"href":"https:\/\/glamoriya.com\/en\/wp-json\/wp\/v2\/types\/product"}],"replies":[{"embeddable":true,"href":"https:\/\/glamoriya.com\/en\/wp-json\/wp\/v2\/comments?post=1821"}],"wp:featuredmedia":[{"embeddable":true,"href":"https:\/\/glamoriya.com\/en\/wp-json\/wp\/v2\/media\/1828"}],"wp:attachment":[{"href":"https:\/\/glamoriya.com\/en\/wp-json\/wp\/v2\/media?parent=1821"}],"curies":[{"name":"wp","href":"https:\/\/api.w.org\/{rel}","templated":true}]}}