{"id":1810,"date":"2021-12-11T00:12:17","date_gmt":"2021-12-10T23:12:17","guid":{"rendered":"https:\/\/glamoriya.com\/?post_type=product&#038;p=1810"},"modified":"2025-05-19T19:02:28","modified_gmt":"2025-05-19T17:02:28","slug":"yari-naturelle-36-huiles-en-1","status":"publish","type":"product","link":"https:\/\/glamoriya.com\/en\/product\/yari-naturelle-36-huiles-en-1\/","title":{"rendered":"Yari Naturelle 36 Huiles en 1"},"content":{"rendered":"<p>Yari L&#8217;Huile v\u00e9g\u00e9tales 36 Huiles en 1 est un m\u00e9lange de 36 huiles v\u00e9g\u00e9tales, qui apporte de la nutrition aux cheveux secs. Elle est particuli\u00e8rement recommand\u00e9e pour les cheveux boucl\u00e9s, fris\u00e9s et cr\u00e9pus. Utilisez l&#8217;huile Yari Huile Naturelle 36 huiles en 1 pour r\u00e9aliser un bain d&#8217;huile ou sceller l&#8217;hydratation de vos cheveux.<\/p>","protected":false},"excerpt":{"rendered":"<p>Yari L&#8217;Huile v\u00e9g\u00e9tales 36 Huiles en 1 est un m\u00e9lange de 36 huiles v\u00e9g\u00e9tales, qui apporte de la nutrition aux cheveux secs. Elle est particuli\u00e8rement recommand\u00e9e pour les cheveux boucl\u00e9s, fris\u00e9s et cr\u00e9pus. Utilisez l&#8217;huile Yari Huile Naturelle 36 huiles en 1 pour r\u00e9aliser un bain d&#8217;huile ou sceller l&#8217;hydratation de vos cheveux.<\/p>","protected":false},"featured_media":1791,"comment_status":"open","ping_status":"closed","template":"","meta":[],"_links":{"self":[{"href":"https:\/\/glamoriya.com\/en\/wp-json\/wp\/v2\/product\/1810"}],"collection":[{"href":"https:\/\/glamoriya.com\/en\/wp-json\/wp\/v2\/product"}],"about":[{"href":"https:\/\/glamoriya.com\/en\/wp-json\/wp\/v2\/types\/product"}],"replies":[{"embeddable":true,"href":"https:\/\/glamoriya.com\/en\/wp-json\/wp\/v2\/comments?post=1810"}],"wp:featuredmedia":[{"embeddable":true,"href":"https:\/\/glamoriya.com\/en\/wp-json\/wp\/v2\/media\/1791"}],"wp:attachment":[{"href":"https:\/\/glamoriya.com\/en\/wp-json\/wp\/v2\/media?parent=1810"}],"curies":[{"name":"wp","href":"https:\/\/api.w.org\/{rel}","templated":true}]}}